{"id":6606,"date":"2025-09-01T16:57:33","date_gmt":"2025-09-01T14:57:33","guid":{"rendered":"https:\/\/simovision.be\/professional\/iol-lenzen-torische-calculator\/"},"modified":"2025-09-04T09:20:08","modified_gmt":"2025-09-04T07:20:08","slug":"calculateur-lentilles-toriques","status":"publish","type":"page","link":"https:\/\/simovision.be\/professional\/fr\/calculateur-lentilles-toriques\/","title":{"rendered":"Calculateur d&rsquo;IOL"},"content":{"rendered":"\n\n\t<h3>\n\t\t\t\tCalcul d&rsquo;IOL\n\t\t\t<\/h3>\n\t\t\t\t<img decoding=\"async\" src=\"https:\/\/simovision.be\/professional\/wp-content\/uploads\/sites\/2\/2025\/09\/banner_toric_iol_calculator.jpg\" alt=\"Toric IOL Calculator\" height=\"700\" width=\"2000\" title=\"banner_toric_iol_calculator\" loading=\"lazy\" \/>\n\t<h3><strong>Rapide et efficace!<\/strong><\/h3>\n<p>R\u00e9alisez facilement et rapidement votre <strong>calcul d&rsquo;IOL<\/strong> pour les <strong>lentilles toriques<\/strong>. Gr\u00e2ce \u00e0 un <strong>outil intuitif<\/strong>, obtenez une estimation pr\u00e9cise de la <strong>puissance<\/strong> et de l&rsquo;<strong>axe id\u00e9als<\/strong> selon vos mesures.<\/p>\n<p>Gagnez du temps tout en am\u00e9liorant la pr\u00e9cision de vos r\u00e9sultats, accessible \u00e0 tout moment et en tout lieu.<\/p>\n\t<h3><strong>Calculateur<\/strong><\/h3>\n<p>S\u00e9lectionnez ci-dessous le <strong>fournisseur<\/strong> <strong>ou partenaire<\/strong> de votre choix. Vous serez ensuite redirig\u00e9 vers la <strong>page officielle (externe)<\/strong> du <strong>fournisseur<\/strong>, o\u00f9 vous pourrez lancer le calcul souhait\u00e9:<\/p>\n<ul>\n<li><strong><a href=\"https:\/\/www.1stq.de\/en\/iol-calculators\/\" target=\"_blank\" rel=\"noopener\">1stQ<\/a><\/strong>\n<ul>\n<li>AddOn<sup>\u00ae<\/sup> Calculator<\/li>\n<li>Axis Repositioning tool<\/li>\n<li>Cylinder Calculator<\/li>\n<li>IOL Calculator<\/li>\n<\/ul>\n<\/li>\n<li><strong><a href=\"https:\/\/toriccalculator.net\/\" target=\"_blank\" rel=\"noopener\">Medicontur<\/a><\/strong><\/li>\n<li><strong><a href=\"https:\/\/www.teleon-toric.com\/GB\/Intro.aspx\" target=\"_blank\" rel=\"noopener\">Teleon Surgical<\/a><\/strong><\/li>\n<li><strong><a href=\"https:\/\/iolcalculator.escrs.org\/\" target=\"_blank\" rel=\"noopener\">ESCRS IOL Calculator<\/a><\/strong><\/li>\n<\/ul>\n\n","protected":false},"excerpt":{"rendered":"<p>Calcul d&rsquo;IOL Rapide et efficace! R\u00e9alisez facilement et rapidement votre calcul d&rsquo;IOL pour les lentilles toriques. Gr\u00e2ce \u00e0 un outil [&hellip;]<\/p>\n","protected":false},"author":2,"featured_media":0,"parent":0,"menu_order":0,"comment_status":"closed","ping_status":"closed","template":"","meta":{"_acf_changed":false,"content-type":"","site-sidebar-layout":"no-sidebar","site-content-layout":"page-builder","ast-site-content-layout":"full-width-container","site-content-style":"unboxed","site-sidebar-style":"unboxed","ast-global-header-display":"","ast-banner-title-visibility":"","ast-main-header-display":"","ast-hfb-above-header-display":"","ast-hfb-below-header-display":"","ast-hfb-mobile-header-display":"","site-post-title":"disabled","ast-breadcrumbs-content":"","ast-featured-img":"disabled","footer-sml-layout":"","theme-transparent-header-meta":"default","adv-header-id-meta":"","stick-header-meta":"default","header-above-stick-meta":"disabled","header-main-stick-meta":"","header-below-stick-meta":"","astra-migrate-meta-layouts":"default","ast-page-background-enabled":"default","ast-page-background-meta":{"desktop":{"background-color":"var(--ast-global-color-4)","background-image":"","background-repeat":"repeat","background-position":"center center","background-size":"auto","background-attachment":"scroll","background-type":"","background-media":"","overlay-type":"","overlay-color":"","overlay-opacity":"","overlay-gradient":""},"tablet":{"background-color":"","background-image":"","background-repeat":"repeat","background-position":"center center","background-size":"auto","background-attachment":"scroll","background-type":"","background-media":"","overlay-type":"","overlay-color":"","overlay-opacity":"","overlay-gradient":""},"mobile":{"background-color":"","background-image":"","background-repeat":"repeat","background-position":"center center","background-size":"auto","background-attachment":"scroll","background-type":"","background-media":"","overlay-type":"","overlay-color":"","overlay-opacity":"","overlay-gradient":""}},"ast-content-background-meta":{"desktop":{"background-color":"var(--ast-global-color-5)","background-image":"","background-repeat":"repeat","background-position":"center center","background-size":"auto","background-attachment":"scroll","background-type":"","background-media":"","overlay-type":"","overlay-color":"","overlay-opacity":"","overlay-gradient":""},"tablet":{"background-color":"var(--ast-global-color-5)","background-image":"","background-repeat":"repeat","background-position":"center center","background-size":"auto","background-attachment":"scroll","background-type":"","background-media":"","overlay-type":"","overlay-color":"","overlay-opacity":"","overlay-gradient":""},"mobile":{"background-color":"var(--ast-global-color-5)","background-image":"","background-repeat":"repeat","background-position":"center center","background-size":"auto","background-attachment":"scroll","background-type":"","background-media":"","overlay-type":"","overlay-color":"","overlay-opacity":"","overlay-gradient":""}},"footnotes":""},"class_list":["post-6606","page","type-page","status-publish","hentry"],"acf":[],"yoast_head":"<!-- This site is optimized with the Yoast SEO plugin v26.3 - https:\/\/yoast.com\/wordpress\/plugins\/seo\/ -->\n<title>Simovision: Jouw partner in oogzorg | Simovision BV<\/title>\n<meta name=\"description\" content=\"Sinds 2002 zijn wij d\u00e9 expert in oogheelkundige oplossingen, speciaal voor professionals zoals oogklinieken en optometristen.\" \/>\n<meta name=\"robots\" content=\"index, follow, max-snippet:-1, max-image-preview:large, max-video-preview:-1\" \/>\n<link rel=\"canonical\" href=\"https:\/\/simovision.be\/professional\/fr\/calculateur-lentilles-toriques\/\" \/>\n<meta property=\"og:locale\" content=\"fr_FR\" \/>\n<meta property=\"og:type\" content=\"article\" \/>\n<meta property=\"og:title\" content=\"Simovision: Jouw partner in oogzorg | Simovision BV\" \/>\n<meta property=\"og:description\" content=\"Sinds 2002 zijn wij d\u00e9 expert in oogheelkundige oplossingen, speciaal voor professionals zoals oogklinieken en optometristen.\" \/>\n<meta property=\"og:url\" content=\"https:\/\/simovision.be\/professional\/fr\/calculateur-lentilles-toriques\/\" \/>\n<meta property=\"og:site_name\" content=\"Simovision - Professional\" \/>\n<meta property=\"article:modified_time\" content=\"2025-09-04T07:20:08+00:00\" \/>\n<meta property=\"og:image\" content=\"https:\/\/simovision.be\/professional\/wp-content\/uploads\/sites\/2\/2025\/09\/banner_toric_iol_calculator.jpg\" \/>\n<meta name=\"twitter:card\" content=\"summary_large_image\" \/>\n<meta name=\"twitter:label1\" content=\"Dur\u00e9e de lecture estim\u00e9e\" \/>\n\t<meta name=\"twitter:data1\" content=\"1 minute\" \/>\n<script type=\"application\/ld+json\" class=\"yoast-schema-graph\">{\"@context\":\"https:\/\/schema.org\",\"@graph\":[{\"@type\":\"WebPage\",\"@id\":\"https:\/\/simovision.be\/professional\/fr\/calculateur-lentilles-toriques\/\",\"url\":\"https:\/\/simovision.be\/professional\/fr\/calculateur-lentilles-toriques\/\",\"name\":\"Simovision: Jouw partner in oogzorg | Simovision BV\",\"isPartOf\":{\"@id\":\"https:\/\/simovision.be\/professional\/fr\/#website\"},\"primaryImageOfPage\":{\"@id\":\"https:\/\/simovision.be\/professional\/fr\/calculateur-lentilles-toriques\/#primaryimage\"},\"image\":{\"@id\":\"https:\/\/simovision.be\/professional\/fr\/calculateur-lentilles-toriques\/#primaryimage\"},\"thumbnailUrl\":\"https:\/\/simovision.be\/professional\/wp-content\/uploads\/sites\/2\/2025\/09\/banner_toric_iol_calculator.jpg\",\"datePublished\":\"2025-09-01T14:57:33+00:00\",\"dateModified\":\"2025-09-04T07:20:08+00:00\",\"description\":\"Sinds 2002 zijn wij d\u00e9 expert in oogheelkundige oplossingen, speciaal voor professionals zoals oogklinieken en optometristen.\",\"breadcrumb\":{\"@id\":\"https:\/\/simovision.be\/professional\/fr\/calculateur-lentilles-toriques\/#breadcrumb\"},\"inLanguage\":\"fr-FR\",\"potentialAction\":[{\"@type\":\"ReadAction\",\"target\":[\"https:\/\/simovision.be\/professional\/fr\/calculateur-lentilles-toriques\/\"]}]},{\"@type\":\"ImageObject\",\"inLanguage\":\"fr-FR\",\"@id\":\"https:\/\/simovision.be\/professional\/fr\/calculateur-lentilles-toriques\/#primaryimage\",\"url\":\"https:\/\/simovision.be\/professional\/wp-content\/uploads\/sites\/2\/2025\/09\/banner_toric_iol_calculator.jpg\",\"contentUrl\":\"https:\/\/simovision.be\/professional\/wp-content\/uploads\/sites\/2\/2025\/09\/banner_toric_iol_calculator.jpg\"},{\"@type\":\"BreadcrumbList\",\"@id\":\"https:\/\/simovision.be\/professional\/fr\/calculateur-lentilles-toriques\/#breadcrumb\",\"itemListElement\":[{\"@type\":\"ListItem\",\"position\":1,\"name\":\"Home\",\"item\":\"https:\/\/simovision.be\/professional\/fr\/\"},{\"@type\":\"ListItem\",\"position\":2,\"name\":\"Calculateur d&rsquo;IOL\"}]},{\"@type\":\"WebSite\",\"@id\":\"https:\/\/simovision.be\/professional\/fr\/#website\",\"url\":\"https:\/\/simovision.be\/professional\/fr\/\",\"name\":\"Simovision - Professional\",\"description\":\"\",\"publisher\":{\"@id\":\"https:\/\/simovision.be\/professional\/fr\/#organization\"},\"potentialAction\":[{\"@type\":\"SearchAction\",\"target\":{\"@type\":\"EntryPoint\",\"urlTemplate\":\"https:\/\/simovision.be\/professional\/fr\/?s={search_term_string}\"},\"query-input\":{\"@type\":\"PropertyValueSpecification\",\"valueRequired\":true,\"valueName\":\"search_term_string\"}}],\"inLanguage\":\"fr-FR\"},{\"@type\":\"Organization\",\"@id\":\"https:\/\/simovision.be\/professional\/fr\/#organization\",\"name\":\"Simovision\",\"url\":\"https:\/\/simovision.be\/professional\/fr\/\",\"logo\":{\"@type\":\"ImageObject\",\"inLanguage\":\"fr-FR\",\"@id\":\"https:\/\/simovision.be\/professional\/fr\/#\/schema\/logo\/image\/\",\"url\":\"https:\/\/simovision.be\/professional\/wp-content\/uploads\/sites\/2\/2025\/06\/Logo_Simovision_Hilco_Vision_Pantone_7700C-kopie.webp\",\"contentUrl\":\"https:\/\/simovision.be\/professional\/wp-content\/uploads\/sites\/2\/2025\/06\/Logo_Simovision_Hilco_Vision_Pantone_7700C-kopie.webp\",\"width\":2000,\"height\":1021,\"caption\":\"Simovision\"},\"image\":{\"@id\":\"https:\/\/simovision.be\/professional\/fr\/#\/schema\/logo\/image\/\"},\"sameAs\":[\"https:\/\/www.linkedin.com\/company\/simovision\"]}]}<\/script>\n<!-- \/ Yoast SEO plugin. -->","yoast_head_json":{"title":"Simovision: Jouw partner in oogzorg | Simovision BV","description":"Sinds 2002 zijn wij d\u00e9 expert in oogheelkundige oplossingen, speciaal voor professionals zoals oogklinieken en optometristen.","robots":{"index":"index","follow":"follow","max-snippet":"max-snippet:-1","max-image-preview":"max-image-preview:large","max-video-preview":"max-video-preview:-1"},"canonical":"https:\/\/simovision.be\/professional\/fr\/calculateur-lentilles-toriques\/","og_locale":"fr_FR","og_type":"article","og_title":"Simovision: Jouw partner in oogzorg | Simovision BV","og_description":"Sinds 2002 zijn wij d\u00e9 expert in oogheelkundige oplossingen, speciaal voor professionals zoals oogklinieken en optometristen.","og_url":"https:\/\/simovision.be\/professional\/fr\/calculateur-lentilles-toriques\/","og_site_name":"Simovision - Professional","article_modified_time":"2025-09-04T07:20:08+00:00","og_image":[{"url":"https:\/\/simovision.be\/professional\/wp-content\/uploads\/sites\/2\/2025\/09\/banner_toric_iol_calculator.jpg","type":"","width":"","height":""}],"twitter_card":"summary_large_image","twitter_misc":{"Dur\u00e9e de lecture estim\u00e9e":"1 minute"},"schema":{"@context":"https:\/\/schema.org","@graph":[{"@type":"WebPage","@id":"https:\/\/simovision.be\/professional\/fr\/calculateur-lentilles-toriques\/","url":"https:\/\/simovision.be\/professional\/fr\/calculateur-lentilles-toriques\/","name":"Simovision: Jouw partner in oogzorg | Simovision BV","isPartOf":{"@id":"https:\/\/simovision.be\/professional\/fr\/#website"},"primaryImageOfPage":{"@id":"https:\/\/simovision.be\/professional\/fr\/calculateur-lentilles-toriques\/#primaryimage"},"image":{"@id":"https:\/\/simovision.be\/professional\/fr\/calculateur-lentilles-toriques\/#primaryimage"},"thumbnailUrl":"https:\/\/simovision.be\/professional\/wp-content\/uploads\/sites\/2\/2025\/09\/banner_toric_iol_calculator.jpg","datePublished":"2025-09-01T14:57:33+00:00","dateModified":"2025-09-04T07:20:08+00:00","description":"Sinds 2002 zijn wij d\u00e9 expert in oogheelkundige oplossingen, speciaal voor professionals zoals oogklinieken en optometristen.","breadcrumb":{"@id":"https:\/\/simovision.be\/professional\/fr\/calculateur-lentilles-toriques\/#breadcrumb"},"inLanguage":"fr-FR","potentialAction":[{"@type":"ReadAction","target":["https:\/\/simovision.be\/professional\/fr\/calculateur-lentilles-toriques\/"]}]},{"@type":"ImageObject","inLanguage":"fr-FR","@id":"https:\/\/simovision.be\/professional\/fr\/calculateur-lentilles-toriques\/#primaryimage","url":"https:\/\/simovision.be\/professional\/wp-content\/uploads\/sites\/2\/2025\/09\/banner_toric_iol_calculator.jpg","contentUrl":"https:\/\/simovision.be\/professional\/wp-content\/uploads\/sites\/2\/2025\/09\/banner_toric_iol_calculator.jpg"},{"@type":"BreadcrumbList","@id":"https:\/\/simovision.be\/professional\/fr\/calculateur-lentilles-toriques\/#breadcrumb","itemListElement":[{"@type":"ListItem","position":1,"name":"Home","item":"https:\/\/simovision.be\/professional\/fr\/"},{"@type":"ListItem","position":2,"name":"Calculateur d&rsquo;IOL"}]},{"@type":"WebSite","@id":"https:\/\/simovision.be\/professional\/fr\/#website","url":"https:\/\/simovision.be\/professional\/fr\/","name":"Simovision - Professional","description":"","publisher":{"@id":"https:\/\/simovision.be\/professional\/fr\/#organization"},"potentialAction":[{"@type":"SearchAction","target":{"@type":"EntryPoint","urlTemplate":"https:\/\/simovision.be\/professional\/fr\/?s={search_term_string}"},"query-input":{"@type":"PropertyValueSpecification","valueRequired":true,"valueName":"search_term_string"}}],"inLanguage":"fr-FR"},{"@type":"Organization","@id":"https:\/\/simovision.be\/professional\/fr\/#organization","name":"Simovision","url":"https:\/\/simovision.be\/professional\/fr\/","logo":{"@type":"ImageObject","inLanguage":"fr-FR","@id":"https:\/\/simovision.be\/professional\/fr\/#\/schema\/logo\/image\/","url":"https:\/\/simovision.be\/professional\/wp-content\/uploads\/sites\/2\/2025\/06\/Logo_Simovision_Hilco_Vision_Pantone_7700C-kopie.webp","contentUrl":"https:\/\/simovision.be\/professional\/wp-content\/uploads\/sites\/2\/2025\/06\/Logo_Simovision_Hilco_Vision_Pantone_7700C-kopie.webp","width":2000,"height":1021,"caption":"Simovision"},"image":{"@id":"https:\/\/simovision.be\/professional\/fr\/#\/schema\/logo\/image\/"},"sameAs":["https:\/\/www.linkedin.com\/company\/simovision"]}]}},"_links":{"self":[{"href":"https:\/\/simovision.be\/professional\/fr\/wp-json\/wp\/v2\/pages\/6606","targetHints":{"allow":["GET"]}}],"collection":[{"href":"https:\/\/simovision.be\/professional\/fr\/wp-json\/wp\/v2\/pages"}],"about":[{"href":"https:\/\/simovision.be\/professional\/fr\/wp-json\/wp\/v2\/types\/page"}],"author":[{"embeddable":true,"href":"https:\/\/simovision.be\/professional\/fr\/wp-json\/wp\/v2\/users\/2"}],"replies":[{"embeddable":true,"href":"https:\/\/simovision.be\/professional\/fr\/wp-json\/wp\/v2\/comments?post=6606"}],"version-history":[{"count":5,"href":"https:\/\/simovision.be\/professional\/fr\/wp-json\/wp\/v2\/pages\/6606\/revisions"}],"predecessor-version":[{"id":6660,"href":"https:\/\/simovision.be\/professional\/fr\/wp-json\/wp\/v2\/pages\/6606\/revisions\/6660"}],"wp:attachment":[{"href":"https:\/\/simovision.be\/professional\/fr\/wp-json\/wp\/v2\/media?parent=6606"}],"curies":[{"name":"wp","href":"https:\/\/api.w.org\/{rel}","templated":true}]}}