{"id":4042,"date":"2025-06-16T06:28:26","date_gmt":"2025-06-16T04:28:26","guid":{"rendered":"https:\/\/simovision.be\/professional\/simovision-votre-partenaire-en-soins-oculaires-depuis-2002\/"},"modified":"2025-11-17T11:17:52","modified_gmt":"2025-11-17T10:17:52","slug":"a-propos-de-nous","status":"publish","type":"page","link":"https:\/\/simovision.be\/professional\/fr\/a-propos-de-nous\/","title":{"rendered":"\u00c0 propos de nous"},"content":{"rendered":"\n\n\t<h3>\n\t\t\t\t\u00c0 propos de nous\n\t\t\t<\/h3>\n\t\t\t<a href=\"https:\/\/simovision.be\/professional\/fr\/contact\/\" target=\"_self\">\n\t\t\t\t\t\t\tContactez-nous\n\t\t\t<\/a>\n\t\t\t\t<img decoding=\"async\" src=\"https:\/\/simovision.be\/professional\/wp-content\/uploads\/sites\/2\/2025\/06\/Over_ons.webp\" alt=\"Over_ons\" itemprop=\"image\" height=\"700\" width=\"2000\" title=\"Over_ons\" onerror=\"this.style.display='none'\" loading=\"lazy\" \/>\n\t<h3>\n\t\t\t\tSimovision: votre partenaire en soins oculaires depuis 2002\n\t\t\t<\/h3>\n\t\t\t<p>Chez Simovision, tout tourne autour des <strong>soins oculaires<\/strong>. Depuis notre cr\u00e9ation en 2002, nous accompagnons les ophtalmologistes en cabinets priv\u00e9s, cliniques et h\u00f4pitaux avec des produits de qualit\u00e9, des <strong>\u00e9quipements innovants<\/strong> et un <strong>service expert<\/strong>. Nous sommes sp\u00e9cialis\u00e9s dans les solutions pour la chirurgie de la cataracte et de la r\u00e9fraction, et proposons une large gamme d&rsquo;\u00e9quipements de diagnostic et de traitement (notamment pour les pathologies r\u00e9tiniennes et glaucomateuses). Gr\u00e2ce \u00e0 nos nombreuses ann\u00e9es d&rsquo;exp\u00e9rience, nous comprenons mieux que quiconque les besoins de votre pratique.<h4>\u00a0<\/h4><h4><strong>Bien plus qu&rsquo;un simple fournisseur<\/strong><\/h4><br \/>Nous ne sommes pas un distributeur comme les autres. Nous r\u00e9fl\u00e9chissons avec vous, vous apportons des conseils \u00e9clair\u00e9s et vous accompagnons avec des solutions sur mesure. Que vous recherchez la lentille intraoculaire id\u00e9ale, un nouvel OCT ou un laser, notre <strong>\u00e9quipe<\/strong> <strong>d&rsquo;experts<\/strong> est l\u00e0 pour vous.<\/p>\t\n\t\t\t\t\t<img decoding=\"async\" src=\"https:\/\/i.ytimg.com\/vi\/fIUOKB9RuPo\/maxresdefault.jpg\" alt=\"youtube-video-thumbnail\"\/>\n\t<h4><strong>Qualit\u00e9 et innovation<\/strong><\/h4>\n<p>Nous s\u00e9lectionnons uniquement des produits de <strong>marques fiables et innovantes<\/strong>, afin de vous garantir les meilleures technologies pour votre pratique. De plus, nous suivons de pr\u00e8s <strong>les \u00e9volutions<\/strong> du <strong>secteur<\/strong> pour que vous ayez toujours acc\u00e8s aux solutions et aux connaissances les plus r\u00e9centes.<\/p>\n<h4><strong>Un service personnalis\u00e9 en Belgique et aux Pays-Bas<\/strong><\/h4>\n<p>Simovision est actif en Belgique et aux Pays-Bas, avec un bureau \u00e0 Overijse et une antenne \u00e0 Utrecht. Nos <strong>collaborateurs<\/strong> sont ancr\u00e9s localement et connaissent parfaitement le march\u00e9. Vous b\u00e9n\u00e9ficiez chez nous d&rsquo;un interlocuteur d\u00e9di\u00e9, de lignes de communication directes et d&rsquo;un suivi rapide. M\u00eame apr\u00e8s l&rsquo;achat, nous restons \u00e0 vos c\u00f4t\u00e9s gr\u00e2ce \u00e0 <strong>notre propre service technique<\/strong>, compos\u00e9 d&rsquo;ing\u00e9nieurs form\u00e9s par les fabricants. Vous \u00eates ainsi toujours pris en charge de mani\u00e8re optimale!<\/p>\n\t<h4><strong>Une entreprise du groupe Hilco Vision<\/strong><\/h4>\n<p>Depuis 2021, Simovision fait partie de l&rsquo;entreprise am\u00e9ricaine <strong>Hilco Vision<\/strong>. Le portefeuille de produits de la soci\u00e9t\u00e9 se concentre sur cinq grandes cat\u00e9gories: outils optiques professionnels, fournitures ophtalmiques, protection oculaire, accessoires pour les consommateurs et entretien des lentilles.<\/p>\n<h4><strong>Avan\u00e7ons ensemble<\/strong><\/h4>\n<p>Chez Simovision, nous croyons aux <strong>partenariats durables<\/strong>. Nous souhaitons \u00eatre un <strong>partenaire de confiance,<\/strong> \u00e0 vos c\u00f4t\u00e9s dans chaque aspect de votre activit\u00e9. <strong>Votre r\u00e9ussite<\/strong> en pratique est notre objectif. Ensemble, faisons progresser les soins oculaires vers un niveau sup\u00e9rieur.<\/p>\n\t\t\t\t<img decoding=\"async\" src=\"https:\/\/simovision.be\/professional\/wp-content\/uploads\/sites\/2\/2025\/06\/banner_over_ons.jpg\" alt=\"Over ons\" itemprop=\"image\" height=\"450\" width=\"900\" title=\"banner_over_ons\" onerror=\"this.style.display='none'\" loading=\"lazy\" \/>\n<h2>\n\t\t\tFaites connaissance avec notre \u00e9quipe\t<\/h2>\n\t<!-- Elfsight Team Showcase | Untitled Team Showcase -->\n\t<ul>\n\t\t<li>\t\t\t\t\n\t\t<h4>Technologie avanc\u00e9e<\/h4><p>Du diagnostic \u00e0 la chirurgie: nous fournissons les derni\u00e8res innovations en ophtalmologie.<\/p><\/li>\t<\/ul>\n\t<ul>\n\t\t<li>\t\t\t\t\n\t\t<h4>Gamme de produits compl\u00e8te<\/h4><p>Une s\u00e9lection rigoureuse pour chaque \u00e9tape du traitement &#8211; efficace et fiable.<\/p>\n<\/li>\t<\/ul>\n\t<ul>\n\t\t<li>\t\t\t\t\n\t\t<h4> Soutien personnalis\u00e9<\/h4><p>Notre \u00e9quipe est toujours \u00e0 votre disposition pour vous offrir des conseils techniques, des formations et un service sur mesure.<\/p>\n<\/li>\t<\/ul>\n\t<ul>\n\t\t<li>\t\t\t\t\n\t\t<h4>Expertise et communication<\/h4><p>Des mises \u00e0 jour r\u00e9guli\u00e8res, des formations et une communication directe avec notre \u00e9quipe &#8211; pour une collaboration qui fonctionne.<\/p>\n<\/li>\t<\/ul>\n\t\t\t\t<img decoding=\"async\" src=\"https:\/\/simovision.be\/professional\/wp-content\/uploads\/sites\/2\/2025\/06\/banner_meer_info.jpg\" alt=\"Meer info\" itemprop=\"image\" height=\"500\" width=\"1000\" title=\"banner_meer_info\" onerror=\"this.style.display='none'\" loading=\"lazy\" \/>\n<h2>\n\t\t\tRester inform\u00e9?\t<\/h2>\n\t<p>Inscrivez-vous d\u00e8s maintenant \u00e0 la newsletter de Simovision. C&rsquo;est <strong>enti\u00e8rement gratuit<\/strong> et vous pouvez vous <strong>d\u00e9sinscrire<\/strong> \u00e0 <strong>tout moment<\/strong>.<\/p>\n\n","protected":false},"excerpt":{"rendered":"<p>\u00c0 propos de nous Contactez-nous Simovision: votre partenaire en soins oculaires depuis 2002 Chez Simovision, tout tourne autour des soins [&hellip;]<\/p>\n","protected":false},"author":1,"featured_media":0,"parent":0,"menu_order":0,"comment_status":"closed","ping_status":"closed","template":"","meta":{"_acf_changed":false,"content-type":"","site-sidebar-layout":"no-sidebar","site-content-layout":"page-builder","ast-site-content-layout":"full-width-container","site-content-style":"unboxed","site-sidebar-style":"unboxed","ast-global-header-display":"","ast-banner-title-visibility":"","ast-main-header-display":"","ast-hfb-above-header-display":"","ast-hfb-below-header-display":"","ast-hfb-mobile-header-display":"","site-post-title":"disabled","ast-breadcrumbs-content":"","ast-featured-img":"disabled","footer-sml-layout":"","theme-transparent-header-meta":"default","adv-header-id-meta":"","stick-header-meta":"default","header-above-stick-meta":"disabled","header-main-stick-meta":"","header-below-stick-meta":"","astra-migrate-meta-layouts":"default","ast-page-background-enabled":"default","ast-page-background-meta":{"desktop":{"background-color":"var(--ast-global-color-4)","background-image":"","background-repeat":"repeat","background-position":"center center","background-size":"auto","background-attachment":"scroll","background-type":"","background-media":"","overlay-type":"","overlay-color":"","overlay-opacity":"","overlay-gradient":""},"tablet":{"background-color":"","background-image":"","background-repeat":"repeat","background-position":"center center","background-size":"auto","background-attachment":"scroll","background-type":"","background-media":"","overlay-type":"","overlay-color":"","overlay-opacity":"","overlay-gradient":""},"mobile":{"background-color":"","background-image":"","background-repeat":"repeat","background-position":"center center","background-size":"auto","background-attachment":"scroll","background-type":"","background-media":"","overlay-type":"","overlay-color":"","overlay-opacity":"","overlay-gradient":""}},"ast-content-background-meta":{"desktop":{"background-color":"var(--ast-global-color-5)","background-image":"","background-repeat":"repeat","background-position":"center center","background-size":"auto","background-attachment":"scroll","background-type":"","background-media":"","overlay-type":"","overlay-color":"","overlay-opacity":"","overlay-gradient":""},"tablet":{"background-color":"var(--ast-global-color-5)","background-image":"","background-repeat":"repeat","background-position":"center center","background-size":"auto","background-attachment":"scroll","background-type":"","background-media":"","overlay-type":"","overlay-color":"","overlay-opacity":"","overlay-gradient":""},"mobile":{"background-color":"var(--ast-global-color-5)","background-image":"","background-repeat":"repeat","background-position":"center center","background-size":"auto","background-attachment":"scroll","background-type":"","background-media":"","overlay-type":"","overlay-color":"","overlay-opacity":"","overlay-gradient":""}},"footnotes":""},"class_list":["post-4042","page","type-page","status-publish","hentry"],"acf":[],"yoast_head":"<!-- This site is optimized with the Yoast SEO plugin v26.3 - https:\/\/yoast.com\/wordpress\/plugins\/seo\/ -->\n<title>\u00c0 propos de nous : Votre partenaire en soins oculaires depuis 2002 | Simovision<\/title>\n<meta name=\"description\" content=\"D\u00e9couvrez Simovision : depuis 2002, le partenaire de r\u00e9f\u00e9rence pour les professionnels des soins oculaires. Expertise, innovation et service personnalis\u00e9.\" \/>\n<meta name=\"robots\" content=\"index, follow, max-snippet:-1, max-image-preview:large, max-video-preview:-1\" \/>\n<link rel=\"canonical\" href=\"https:\/\/simovision.be\/professional\/fr\/a-propos-de-nous\/\" \/>\n<meta property=\"og:locale\" content=\"fr_FR\" \/>\n<meta property=\"og:type\" content=\"article\" \/>\n<meta property=\"og:title\" content=\"\u00c0 propos de nous : Votre partenaire en soins oculaires depuis 2002 | Simovision\" \/>\n<meta property=\"og:description\" content=\"D\u00e9couvrez Simovision : depuis 2002, le partenaire de r\u00e9f\u00e9rence pour les professionnels des soins oculaires. Expertise, innovation et service personnalis\u00e9.\" \/>\n<meta property=\"og:url\" content=\"https:\/\/simovision.be\/professional\/fr\/a-propos-de-nous\/\" \/>\n<meta property=\"og:site_name\" content=\"Simovision - Professional\" \/>\n<meta property=\"article:modified_time\" content=\"2025-11-17T10:17:52+00:00\" \/>\n<meta property=\"og:image\" content=\"https:\/\/simovision.be\/professional\/wp-content\/uploads\/sites\/2\/2025\/06\/Over_ons.webp\" \/>\n<meta name=\"twitter:card\" content=\"summary_large_image\" \/>\n<meta name=\"twitter:label1\" content=\"Dur\u00e9e de lecture estim\u00e9e\" \/>\n\t<meta name=\"twitter:data1\" content=\"4 minutes\" \/>\n<script type=\"application\/ld+json\" class=\"yoast-schema-graph\">{\"@context\":\"https:\/\/schema.org\",\"@graph\":[{\"@type\":\"WebPage\",\"@id\":\"https:\/\/simovision.be\/professional\/fr\/a-propos-de-nous\/\",\"url\":\"https:\/\/simovision.be\/professional\/fr\/a-propos-de-nous\/\",\"name\":\"\u00c0 propos de nous : Votre partenaire en soins oculaires depuis 2002 | Simovision\",\"isPartOf\":{\"@id\":\"https:\/\/simovision.be\/professional\/fr\/#website\"},\"primaryImageOfPage\":{\"@id\":\"https:\/\/simovision.be\/professional\/fr\/a-propos-de-nous\/#primaryimage\"},\"image\":{\"@id\":\"https:\/\/simovision.be\/professional\/fr\/a-propos-de-nous\/#primaryimage\"},\"thumbnailUrl\":\"https:\/\/simovision.be\/professional\/wp-content\/uploads\/sites\/2\/2025\/06\/Over_ons.webp\",\"datePublished\":\"2025-06-16T04:28:26+00:00\",\"dateModified\":\"2025-11-17T10:17:52+00:00\",\"description\":\"D\u00e9couvrez Simovision : depuis 2002, le partenaire de r\u00e9f\u00e9rence pour les professionnels des soins oculaires. Expertise, innovation et service personnalis\u00e9.\",\"breadcrumb\":{\"@id\":\"https:\/\/simovision.be\/professional\/fr\/a-propos-de-nous\/#breadcrumb\"},\"inLanguage\":\"fr-FR\",\"potentialAction\":[{\"@type\":\"ReadAction\",\"target\":[\"https:\/\/simovision.be\/professional\/fr\/a-propos-de-nous\/\"]}]},{\"@type\":\"ImageObject\",\"inLanguage\":\"fr-FR\",\"@id\":\"https:\/\/simovision.be\/professional\/fr\/a-propos-de-nous\/#primaryimage\",\"url\":\"https:\/\/simovision.be\/professional\/wp-content\/uploads\/sites\/2\/2025\/06\/Over_ons.webp\",\"contentUrl\":\"https:\/\/simovision.be\/professional\/wp-content\/uploads\/sites\/2\/2025\/06\/Over_ons.webp\"},{\"@type\":\"BreadcrumbList\",\"@id\":\"https:\/\/simovision.be\/professional\/fr\/a-propos-de-nous\/#breadcrumb\",\"itemListElement\":[{\"@type\":\"ListItem\",\"position\":1,\"name\":\"Home\",\"item\":\"https:\/\/simovision.be\/professional\/fr\/\"},{\"@type\":\"ListItem\",\"position\":2,\"name\":\"\u00c0 propos de nous\"}]},{\"@type\":\"WebSite\",\"@id\":\"https:\/\/simovision.be\/professional\/fr\/#website\",\"url\":\"https:\/\/simovision.be\/professional\/fr\/\",\"name\":\"Simovision - Professional\",\"description\":\"\",\"publisher\":{\"@id\":\"https:\/\/simovision.be\/professional\/fr\/#organization\"},\"potentialAction\":[{\"@type\":\"SearchAction\",\"target\":{\"@type\":\"EntryPoint\",\"urlTemplate\":\"https:\/\/simovision.be\/professional\/fr\/?s={search_term_string}\"},\"query-input\":{\"@type\":\"PropertyValueSpecification\",\"valueRequired\":true,\"valueName\":\"search_term_string\"}}],\"inLanguage\":\"fr-FR\"},{\"@type\":\"Organization\",\"@id\":\"https:\/\/simovision.be\/professional\/fr\/#organization\",\"name\":\"Simovision\",\"url\":\"https:\/\/simovision.be\/professional\/fr\/\",\"logo\":{\"@type\":\"ImageObject\",\"inLanguage\":\"fr-FR\",\"@id\":\"https:\/\/simovision.be\/professional\/fr\/#\/schema\/logo\/image\/\",\"url\":\"https:\/\/simovision.be\/professional\/wp-content\/uploads\/sites\/2\/2025\/06\/Logo_Simovision_Hilco_Vision_Pantone_7700C-kopie.webp\",\"contentUrl\":\"https:\/\/simovision.be\/professional\/wp-content\/uploads\/sites\/2\/2025\/06\/Logo_Simovision_Hilco_Vision_Pantone_7700C-kopie.webp\",\"width\":2000,\"height\":1021,\"caption\":\"Simovision\"},\"image\":{\"@id\":\"https:\/\/simovision.be\/professional\/fr\/#\/schema\/logo\/image\/\"},\"sameAs\":[\"https:\/\/www.linkedin.com\/company\/simovision\"]}]}<\/script>\n<!-- \/ Yoast SEO plugin. -->","yoast_head_json":{"title":"\u00c0 propos de nous : Votre partenaire en soins oculaires depuis 2002 | Simovision","description":"D\u00e9couvrez Simovision : depuis 2002, le partenaire de r\u00e9f\u00e9rence pour les professionnels des soins oculaires. Expertise, innovation et service personnalis\u00e9.","robots":{"index":"index","follow":"follow","max-snippet":"max-snippet:-1","max-image-preview":"max-image-preview:large","max-video-preview":"max-video-preview:-1"},"canonical":"https:\/\/simovision.be\/professional\/fr\/a-propos-de-nous\/","og_locale":"fr_FR","og_type":"article","og_title":"\u00c0 propos de nous : Votre partenaire en soins oculaires depuis 2002 | Simovision","og_description":"D\u00e9couvrez Simovision : depuis 2002, le partenaire de r\u00e9f\u00e9rence pour les professionnels des soins oculaires. Expertise, innovation et service personnalis\u00e9.","og_url":"https:\/\/simovision.be\/professional\/fr\/a-propos-de-nous\/","og_site_name":"Simovision - Professional","article_modified_time":"2025-11-17T10:17:52+00:00","og_image":[{"url":"https:\/\/simovision.be\/professional\/wp-content\/uploads\/sites\/2\/2025\/06\/Over_ons.webp","type":"","width":"","height":""}],"twitter_card":"summary_large_image","twitter_misc":{"Dur\u00e9e de lecture estim\u00e9e":"4 minutes"},"schema":{"@context":"https:\/\/schema.org","@graph":[{"@type":"WebPage","@id":"https:\/\/simovision.be\/professional\/fr\/a-propos-de-nous\/","url":"https:\/\/simovision.be\/professional\/fr\/a-propos-de-nous\/","name":"\u00c0 propos de nous : Votre partenaire en soins oculaires depuis 2002 | Simovision","isPartOf":{"@id":"https:\/\/simovision.be\/professional\/fr\/#website"},"primaryImageOfPage":{"@id":"https:\/\/simovision.be\/professional\/fr\/a-propos-de-nous\/#primaryimage"},"image":{"@id":"https:\/\/simovision.be\/professional\/fr\/a-propos-de-nous\/#primaryimage"},"thumbnailUrl":"https:\/\/simovision.be\/professional\/wp-content\/uploads\/sites\/2\/2025\/06\/Over_ons.webp","datePublished":"2025-06-16T04:28:26+00:00","dateModified":"2025-11-17T10:17:52+00:00","description":"D\u00e9couvrez Simovision : depuis 2002, le partenaire de r\u00e9f\u00e9rence pour les professionnels des soins oculaires. Expertise, innovation et service personnalis\u00e9.","breadcrumb":{"@id":"https:\/\/simovision.be\/professional\/fr\/a-propos-de-nous\/#breadcrumb"},"inLanguage":"fr-FR","potentialAction":[{"@type":"ReadAction","target":["https:\/\/simovision.be\/professional\/fr\/a-propos-de-nous\/"]}]},{"@type":"ImageObject","inLanguage":"fr-FR","@id":"https:\/\/simovision.be\/professional\/fr\/a-propos-de-nous\/#primaryimage","url":"https:\/\/simovision.be\/professional\/wp-content\/uploads\/sites\/2\/2025\/06\/Over_ons.webp","contentUrl":"https:\/\/simovision.be\/professional\/wp-content\/uploads\/sites\/2\/2025\/06\/Over_ons.webp"},{"@type":"BreadcrumbList","@id":"https:\/\/simovision.be\/professional\/fr\/a-propos-de-nous\/#breadcrumb","itemListElement":[{"@type":"ListItem","position":1,"name":"Home","item":"https:\/\/simovision.be\/professional\/fr\/"},{"@type":"ListItem","position":2,"name":"\u00c0 propos de nous"}]},{"@type":"WebSite","@id":"https:\/\/simovision.be\/professional\/fr\/#website","url":"https:\/\/simovision.be\/professional\/fr\/","name":"Simovision - Professional","description":"","publisher":{"@id":"https:\/\/simovision.be\/professional\/fr\/#organization"},"potentialAction":[{"@type":"SearchAction","target":{"@type":"EntryPoint","urlTemplate":"https:\/\/simovision.be\/professional\/fr\/?s={search_term_string}"},"query-input":{"@type":"PropertyValueSpecification","valueRequired":true,"valueName":"search_term_string"}}],"inLanguage":"fr-FR"},{"@type":"Organization","@id":"https:\/\/simovision.be\/professional\/fr\/#organization","name":"Simovision","url":"https:\/\/simovision.be\/professional\/fr\/","logo":{"@type":"ImageObject","inLanguage":"fr-FR","@id":"https:\/\/simovision.be\/professional\/fr\/#\/schema\/logo\/image\/","url":"https:\/\/simovision.be\/professional\/wp-content\/uploads\/sites\/2\/2025\/06\/Logo_Simovision_Hilco_Vision_Pantone_7700C-kopie.webp","contentUrl":"https:\/\/simovision.be\/professional\/wp-content\/uploads\/sites\/2\/2025\/06\/Logo_Simovision_Hilco_Vision_Pantone_7700C-kopie.webp","width":2000,"height":1021,"caption":"Simovision"},"image":{"@id":"https:\/\/simovision.be\/professional\/fr\/#\/schema\/logo\/image\/"},"sameAs":["https:\/\/www.linkedin.com\/company\/simovision"]}]}},"_links":{"self":[{"href":"https:\/\/simovision.be\/professional\/fr\/wp-json\/wp\/v2\/pages\/4042","targetHints":{"allow":["GET"]}}],"collection":[{"href":"https:\/\/simovision.be\/professional\/fr\/wp-json\/wp\/v2\/pages"}],"about":[{"href":"https:\/\/simovision.be\/professional\/fr\/wp-json\/wp\/v2\/types\/page"}],"author":[{"embeddable":true,"href":"https:\/\/simovision.be\/professional\/fr\/wp-json\/wp\/v2\/users\/1"}],"replies":[{"embeddable":true,"href":"https:\/\/simovision.be\/professional\/fr\/wp-json\/wp\/v2\/comments?post=4042"}],"version-history":[{"count":16,"href":"https:\/\/simovision.be\/professional\/fr\/wp-json\/wp\/v2\/pages\/4042\/revisions"}],"predecessor-version":[{"id":6916,"href":"https:\/\/simovision.be\/professional\/fr\/wp-json\/wp\/v2\/pages\/4042\/revisions\/6916"}],"wp:attachment":[{"href":"https:\/\/simovision.be\/professional\/fr\/wp-json\/wp\/v2\/media?parent=4042"}],"curies":[{"name":"wp","href":"https:\/\/api.w.org\/{rel}","templated":true}]}}