{"id":4040,"date":"2017-09-16T17:44:41","date_gmt":"2017-09-16T15:44:41","guid":{"rendered":"https:\/\/simovision.be\/professional\/home\/"},"modified":"2026-01-13T12:50:51","modified_gmt":"2026-01-13T11:50:51","slug":"home","status":"publish","type":"page","link":"https:\/\/simovision.be\/professional\/fr\/","title":{"rendered":"Home"},"content":{"rendered":"\n\n\t<h3>\n\t\t\t\tPartenaire en soins oculaires\n\t\t\t<\/h3>\n\t\t\t<a href=\"https:\/\/simovision.be\/professional\/fr\/contact\/\" target=\"_self\">\n\t\t\t\t\t\t\tContactez-nous\n\t\t\t<\/a>\n\t\t\t\t<a href=\"https:\/\/simovision.be\/professional\/fr\/produit\/elon\/\" target=\"_self\">\n\t\t\t\t<img decoding=\"async\" src=\"https:\/\/simovision.be\/professional\/wp-content\/uploads\/sites\/2\/2025\/12\/banner_simovision_website_elon_edof_befr-1.jpg\" alt=\"banner_simovision_website_elon_edof_befr\" height=\"700\" width=\"2000\" title=\"banner_simovision_website_elon_edof_befr\" loading=\"lazy\" \/>\n\t\t\t\t<\/a>\n\t<h3>\n\t\t\t\tExpert en\n\t\t\t<\/h3>\n\t<h3>\n\t\t\t\tsolutions ophtalmologiques\n\t\t\t<\/h3>\n\t\t\t<p>Depuis 2002, nous sommes le sp\u00e9cialiste des <strong>solutions en ophtalmologie<\/strong>, d\u00e9di\u00e9 aux professionnels tels que les <strong>ophtalmologistes<\/strong>, les <strong>optom\u00e9tristes<\/strong> et autres <strong>experts des soins oculaires<\/strong>. Gr\u00e2ce \u00e0 une large gamme de produits et d&rsquo;\u00e9quipements de pointe, nous vous aidons \u00e0 offrir les meilleurs soins \u00e0 vos patients. Notre \u00e9quipe d\u00e9vou\u00e9e est toujours pr\u00eate \u00e0 vous accompagner avec expertise et professionnalisme. D\u00e9couvrez comment nous pouvons faire passer votre cabinet au niveau sup\u00e9rieur!Nous accompagnons les professionnels des soins oculaires dans tout le <strong>Benelux<\/strong> avec des \u00e9quipements innovants, une pr\u00e9cision chirurgicale et des solutions r\u00e9fl\u00e9chies pour une meilleure vision. Ensemble, nous faisons progresser chaque traitement ophtalmologique.<\/p>\t\n\t<ul>\n\t\t<li>\t\t\t\t\n\t\t<h4>Technologie avanc\u00e9e<\/h4><p>Du diagnostic \u00e0 la chirurgie: nous fournissons les derni\u00e8res innovations en ophtalmologie.<\/p>\n<\/li>\t<\/ul>\n\t<ul>\n\t\t<li>\t\t\t\t\n\t\t<h4>Gamme de produits compl\u00e8te<\/h4><p>Une s\u00e9lection rigoureuse pour chaque \u00e9tape du traitement &#8211; efficace et fiable.<\/p>\n<\/li>\t<\/ul>\n\t<ul>\n\t\t<li>\t\t\t\t\n\t\t<h4> Soutien personnalis\u00e9<\/h4><p>Notre \u00e9quipe est toujours \u00e0 votre disposition pour vous offrir des conseils techniques, des formations et un service sur mesure.<\/p>\n<\/li>\t<\/ul>\n\t<ul>\n\t\t<li>\t\t\t\t\n\t\t<h4>Expertise et communication<\/h4><p>Des mises \u00e0 jour r\u00e9guli\u00e8res, des formations et une communication directe avec notre \u00e9quipe &#8211; pour une collaboration qui fonctionne.<\/p>\n<\/li>\t<\/ul>\n\t<h2>\n\t\t\t\t\u00c0 l&rsquo;honneur\n\t\t\t<\/h2>\n\t\t\t<p>Nous collaborons avec des <strong>marques internationales<\/strong> de renom, qui se distinguent par leur qualit\u00e9, leur <strong>innovation<\/strong> et leur <strong>fiabilit\u00e9<\/strong>. Qu&rsquo;il s&rsquo;agisse d&rsquo;\u00e9quipements chirurgicaux, diagnostiques ou th\u00e9rapeutiques, nous s\u00e9lectionnons uniquement des partenaires qui partagent nos exigences \u00e9lev\u00e9es. Ensemble, nous veillons \u00e0 ce que vous puissiez exploiter tout le potentiel de votre pratique.<\/p>\t\n\t\t<ul>\n<li>\n\t\t<a href=\"https:\/\/simovision.be\/professional\/fr\/produit\/oculus-pentacam-cornea-oct\/\"><img decoding=\"async\" width=\"600\" height=\"360\" src=\"https:\/\/simovision.be\/professional\/wp-content\/uploads\/sites\/2\/2025\/09\/oculus_pentacam_cornea_oct2-600x360.jpg\" alt=\"OCULUS Pentacam Cornea OCT\" loading=\"lazy\" \/><\/a>\t\t\t\n\t\t\t\t\u00c9quipement\t\t\t\n\t\t\t<a href=\"https:\/\/simovision.be\/professional\/fr\/produit\/oculus-pentacam-cornea-oct\/\"><h2>OCULUS Pentacam Cornea OCT<\/h2><\/a>\n<\/li>\n<li>\n\t\t<a href=\"https:\/\/simovision.be\/professional\/fr\/produit\/acunex-vario\/\"><img decoding=\"async\" width=\"600\" height=\"360\" src=\"https:\/\/simovision.be\/professional\/wp-content\/uploads\/sites\/2\/2025\/06\/ACUNEX-Vario-600x360.webp\" alt=\"ACUNEX Vario\" loading=\"lazy\" \/><\/a>\t\t\t\n\t\t\t\tLentilles intraoculaires\t\t\t\n\t\t\t<a href=\"https:\/\/simovision.be\/professional\/fr\/produit\/acunex-vario\/\"><h2>ACUNEX Vario<\/h2><\/a>\n<\/li>\n<li>\n\t\t<a href=\"https:\/\/simovision.be\/professional\/fr\/produit\/evo-icl\/\"><img decoding=\"async\" width=\"600\" height=\"360\" src=\"https:\/\/simovision.be\/professional\/wp-content\/uploads\/sites\/2\/2025\/03\/EVO_Lens-80-Transparent-600x360.webp\" alt=\"EVO ICL\u2122\" loading=\"lazy\" \/><\/a>\t\t\t\n\t\t\t\tLentilles phaques (ICL)\t\t\t\n\t\t\t<a href=\"https:\/\/simovision.be\/professional\/fr\/produit\/evo-icl\/\"><h2>EVO ICL\u2122<\/h2><\/a>\n<\/li>\n<li>\n\t\t<a href=\"https:\/\/simovision.be\/professional\/fr\/produit\/elon\/\"><img decoding=\"async\" width=\"600\" height=\"360\" src=\"https:\/\/simovision.be\/professional\/wp-content\/uploads\/sites\/2\/2025\/03\/Bi-Flex-ELON-POB-MA-600x360.jpg\" alt=\"Bi-Flex ELON POB-MA\" loading=\"lazy\" \/><\/a>\t\t\t\n\t\t\t\tLentilles intraoculaires\t\t\t\n\t\t\t<a href=\"https:\/\/simovision.be\/professional\/fr\/produit\/elon\/\"><h2>Bi-Flex ELON POB-MA<\/h2><\/a>\n<\/li>\n<li>\n\t\t<a href=\"https:\/\/simovision.be\/professional\/fr\/produit\/xephilio-oct-r1\/\"><img decoding=\"async\" width=\"600\" height=\"360\" src=\"https:\/\/simovision.be\/professional\/wp-content\/uploads\/sites\/2\/2025\/03\/00.-02_OCT-R1-scaled-600x360.png\" alt=\"Xephilio OCT-R1\" loading=\"lazy\" \/><\/a>\t\t\t\n\t\t\t\tOCT\t\t\t\n\t\t\t<a href=\"https:\/\/simovision.be\/professional\/fr\/produit\/xephilio-oct-r1\/\"><h2>Xephilio OCT-R1<\/h2><\/a>\n<\/li>\n<\/ul>\n\t\t<!--\n\t\t-->\n\t\t\t\t\t\t<a href=\"#\" id=\"uabb-quick-view-close\"><\/a>\n\t\t\t\t<img decoding=\"async\" src=\"https:\/\/simovision.be\/professional\/wp-content\/uploads\/sites\/2\/2025\/06\/banner_meer_info.jpg\" alt=\"Meer info\" height=\"500\" width=\"1000\" title=\"banner_meer_info\" loading=\"lazy\" \/>\n<h2>\n\t\t\tRester inform\u00e9?\t<\/h2>\n\t<p>Inscrivez-vous d\u00e8s maintenant \u00e0 la newsletter de Simovision. C&rsquo;est <strong>enti\u00e8rement gratuit<\/strong> et vous pouvez vous <strong>d\u00e9sinscrire<\/strong> \u00e0 <strong>tout moment<\/strong>.<\/p>\n\n","protected":false},"excerpt":{"rendered":"<p>Partenaire en soins oculaires Contactez-nous Expert en solutions ophtalmologiques Depuis 2002, nous sommes le sp\u00e9cialiste des solutions en ophtalmologie, d\u00e9di\u00e9 [&hellip;]<\/p>\n","protected":false},"author":1,"featured_media":0,"parent":0,"menu_order":0,"comment_status":"closed","ping_status":"closed","template":"","meta":{"_acf_changed":false,"content-type":"","site-sidebar-layout":"no-sidebar","site-content-layout":"page-builder","ast-site-content-layout":"full-width-container","site-content-style":"unboxed","site-sidebar-style":"unboxed","ast-global-header-display":"","ast-banner-title-visibility":"","ast-main-header-display":"","ast-hfb-above-header-display":"","ast-hfb-below-header-display":"","ast-hfb-mobile-header-display":"","site-post-title":"disabled","ast-breadcrumbs-content":"","ast-featured-img":"disabled","footer-sml-layout":"","theme-transparent-header-meta":"default","adv-header-id-meta":"","stick-header-meta":"default","header-above-stick-meta":"disabled","header-main-stick-meta":"","header-below-stick-meta":"","astra-migrate-meta-layouts":"default","ast-page-background-enabled":"default","ast-page-background-meta":{"desktop":{"background-color":"var(--ast-global-color-4)","background-image":"","background-repeat":"repeat","background-position":"center center","background-size":"auto","background-attachment":"scroll","background-type":"","background-media":"","overlay-type":"","overlay-color":"","overlay-opacity":"","overlay-gradient":""},"tablet":{"background-color":"","background-image":"","background-repeat":"repeat","background-position":"center center","background-size":"auto","background-attachment":"scroll","background-type":"","background-media":"","overlay-type":"","overlay-color":"","overlay-opacity":"","overlay-gradient":""},"mobile":{"background-color":"","background-image":"","background-repeat":"repeat","background-position":"center center","background-size":"auto","background-attachment":"scroll","background-type":"","background-media":"","overlay-type":"","overlay-color":"","overlay-opacity":"","overlay-gradient":""}},"ast-content-background-meta":{"desktop":{"background-color":"var(--ast-global-color-5)","background-image":"","background-repeat":"repeat","background-position":"center center","background-size":"auto","background-attachment":"scroll","background-type":"","background-media":"","overlay-type":"","overlay-color":"","overlay-opacity":"","overlay-gradient":""},"tablet":{"background-color":"var(--ast-global-color-5)","background-image":"","background-repeat":"repeat","background-position":"center center","background-size":"auto","background-attachment":"scroll","background-type":"","background-media":"","overlay-type":"","overlay-color":"","overlay-opacity":"","overlay-gradient":""},"mobile":{"background-color":"var(--ast-global-color-5)","background-image":"","background-repeat":"repeat","background-position":"center center","background-size":"auto","background-attachment":"scroll","background-type":"","background-media":"","overlay-type":"","overlay-color":"","overlay-opacity":"","overlay-gradient":""}},"footnotes":""},"class_list":["post-4040","page","type-page","status-publish","hentry"],"acf":[],"yoast_head":"<!-- This site is optimized with the Yoast SEO plugin v26.3 - https:\/\/yoast.com\/wordpress\/plugins\/seo\/ -->\n<title>Simovision: Votre partenaire en soins oculaires | Simovision BV<\/title>\n<meta name=\"description\" content=\"Depuis 2002, nous sommes le sp\u00e9cialiste des solutions ophtalmologiques, d\u00e9di\u00e9 aux professionnels tels que les cliniques ophtalmologiques et les optom\u00e9tristes.\" \/>\n<meta name=\"robots\" content=\"index, follow, max-snippet:-1, max-image-preview:large, max-video-preview:-1\" \/>\n<link rel=\"canonical\" href=\"https:\/\/simovision.be\/professional\/fr\/\" \/>\n<meta property=\"og:locale\" content=\"fr_FR\" \/>\n<meta property=\"og:type\" content=\"article\" \/>\n<meta property=\"og:title\" content=\"Simovision: Votre partenaire en soins oculaires | Simovision BV\" \/>\n<meta property=\"og:description\" content=\"Depuis 2002, nous sommes le sp\u00e9cialiste des solutions ophtalmologiques, d\u00e9di\u00e9 aux professionnels tels que les cliniques ophtalmologiques et les optom\u00e9tristes.\" \/>\n<meta property=\"og:url\" content=\"https:\/\/simovision.be\/professional\/fr\/\" \/>\n<meta property=\"og:site_name\" content=\"Simovision - Professional\" \/>\n<meta property=\"article:modified_time\" content=\"2026-01-13T11:50:51+00:00\" \/>\n<meta property=\"og:image\" content=\"https:\/\/simovision.be\/professional\/wp-content\/uploads\/sites\/2\/2025\/12\/banner_simovision_website_elon_edof_befr-1.jpg\" \/>\n<meta name=\"twitter:card\" content=\"summary_large_image\" \/>\n<meta name=\"twitter:label1\" content=\"Dur\u00e9e de lecture estim\u00e9e\" \/>\n\t<meta name=\"twitter:data1\" content=\"10 minutes\" \/>\n<script type=\"application\/ld+json\" class=\"yoast-schema-graph\">{\"@context\":\"https:\/\/schema.org\",\"@graph\":[{\"@type\":\"WebPage\",\"@id\":\"https:\/\/simovision.be\/professional\/fr\/\",\"url\":\"https:\/\/simovision.be\/professional\/fr\/\",\"name\":\"Simovision: Votre partenaire en soins oculaires | Simovision BV\",\"isPartOf\":{\"@id\":\"https:\/\/simovision.be\/professional\/fr\/#website\"},\"primaryImageOfPage\":{\"@id\":\"https:\/\/simovision.be\/professional\/fr\/#primaryimage\"},\"image\":{\"@id\":\"https:\/\/simovision.be\/professional\/fr\/#primaryimage\"},\"thumbnailUrl\":\"https:\/\/simovision.be\/professional\/wp-content\/uploads\/sites\/2\/2025\/12\/banner_simovision_website_elon_edof_befr-1.jpg\",\"datePublished\":\"2017-09-16T15:44:41+00:00\",\"dateModified\":\"2026-01-13T11:50:51+00:00\",\"description\":\"Depuis 2002, nous sommes le sp\u00e9cialiste des solutions ophtalmologiques, d\u00e9di\u00e9 aux professionnels tels que les cliniques ophtalmologiques et les optom\u00e9tristes.\",\"breadcrumb\":{\"@id\":\"https:\/\/simovision.be\/professional\/fr\/#breadcrumb\"},\"inLanguage\":\"fr-FR\",\"potentialAction\":[{\"@type\":\"ReadAction\",\"target\":[\"https:\/\/simovision.be\/professional\/fr\/\"]}]},{\"@type\":\"ImageObject\",\"inLanguage\":\"fr-FR\",\"@id\":\"https:\/\/simovision.be\/professional\/fr\/#primaryimage\",\"url\":\"https:\/\/simovision.be\/professional\/wp-content\/uploads\/sites\/2\/2025\/12\/banner_simovision_website_elon_edof_befr-1.jpg\",\"contentUrl\":\"https:\/\/simovision.be\/professional\/wp-content\/uploads\/sites\/2\/2025\/12\/banner_simovision_website_elon_edof_befr-1.jpg\"},{\"@type\":\"BreadcrumbList\",\"@id\":\"https:\/\/simovision.be\/professional\/fr\/#breadcrumb\",\"itemListElement\":[{\"@type\":\"ListItem\",\"position\":1,\"name\":\"Home\",\"item\":\"https:\/\/simovision.be\/professional\/fr\/\"},{\"@type\":\"ListItem\",\"position\":2,\"name\":\"Home\"}]},{\"@type\":\"WebSite\",\"@id\":\"https:\/\/simovision.be\/professional\/fr\/#website\",\"url\":\"https:\/\/simovision.be\/professional\/fr\/\",\"name\":\"Simovision - Professional\",\"description\":\"\",\"publisher\":{\"@id\":\"https:\/\/simovision.be\/professional\/fr\/#organization\"},\"potentialAction\":[{\"@type\":\"SearchAction\",\"target\":{\"@type\":\"EntryPoint\",\"urlTemplate\":\"https:\/\/simovision.be\/professional\/fr\/?s={search_term_string}\"},\"query-input\":{\"@type\":\"PropertyValueSpecification\",\"valueRequired\":true,\"valueName\":\"search_term_string\"}}],\"inLanguage\":\"fr-FR\"},{\"@type\":\"Organization\",\"@id\":\"https:\/\/simovision.be\/professional\/fr\/#organization\",\"name\":\"Simovision\",\"url\":\"https:\/\/simovision.be\/professional\/fr\/\",\"logo\":{\"@type\":\"ImageObject\",\"inLanguage\":\"fr-FR\",\"@id\":\"https:\/\/simovision.be\/professional\/fr\/#\/schema\/logo\/image\/\",\"url\":\"https:\/\/simovision.be\/professional\/wp-content\/uploads\/sites\/2\/2025\/06\/Logo_Simovision_Hilco_Vision_Pantone_7700C-kopie.webp\",\"contentUrl\":\"https:\/\/simovision.be\/professional\/wp-content\/uploads\/sites\/2\/2025\/06\/Logo_Simovision_Hilco_Vision_Pantone_7700C-kopie.webp\",\"width\":2000,\"height\":1021,\"caption\":\"Simovision\"},\"image\":{\"@id\":\"https:\/\/simovision.be\/professional\/fr\/#\/schema\/logo\/image\/\"},\"sameAs\":[\"https:\/\/www.linkedin.com\/company\/simovision\"]}]}<\/script>\n<!-- \/ Yoast SEO plugin. -->","yoast_head_json":{"title":"Simovision: Votre partenaire en soins oculaires | Simovision BV","description":"Depuis 2002, nous sommes le sp\u00e9cialiste des solutions ophtalmologiques, d\u00e9di\u00e9 aux professionnels tels que les cliniques ophtalmologiques et les optom\u00e9tristes.","robots":{"index":"index","follow":"follow","max-snippet":"max-snippet:-1","max-image-preview":"max-image-preview:large","max-video-preview":"max-video-preview:-1"},"canonical":"https:\/\/simovision.be\/professional\/fr\/","og_locale":"fr_FR","og_type":"article","og_title":"Simovision: Votre partenaire en soins oculaires | Simovision BV","og_description":"Depuis 2002, nous sommes le sp\u00e9cialiste des solutions ophtalmologiques, d\u00e9di\u00e9 aux professionnels tels que les cliniques ophtalmologiques et les optom\u00e9tristes.","og_url":"https:\/\/simovision.be\/professional\/fr\/","og_site_name":"Simovision - Professional","article_modified_time":"2026-01-13T11:50:51+00:00","og_image":[{"url":"https:\/\/simovision.be\/professional\/wp-content\/uploads\/sites\/2\/2025\/12\/banner_simovision_website_elon_edof_befr-1.jpg","type":"","width":"","height":""}],"twitter_card":"summary_large_image","twitter_misc":{"Dur\u00e9e de lecture estim\u00e9e":"10 minutes"},"schema":{"@context":"https:\/\/schema.org","@graph":[{"@type":"WebPage","@id":"https:\/\/simovision.be\/professional\/fr\/","url":"https:\/\/simovision.be\/professional\/fr\/","name":"Simovision: Votre partenaire en soins oculaires | Simovision BV","isPartOf":{"@id":"https:\/\/simovision.be\/professional\/fr\/#website"},"primaryImageOfPage":{"@id":"https:\/\/simovision.be\/professional\/fr\/#primaryimage"},"image":{"@id":"https:\/\/simovision.be\/professional\/fr\/#primaryimage"},"thumbnailUrl":"https:\/\/simovision.be\/professional\/wp-content\/uploads\/sites\/2\/2025\/12\/banner_simovision_website_elon_edof_befr-1.jpg","datePublished":"2017-09-16T15:44:41+00:00","dateModified":"2026-01-13T11:50:51+00:00","description":"Depuis 2002, nous sommes le sp\u00e9cialiste des solutions ophtalmologiques, d\u00e9di\u00e9 aux professionnels tels que les cliniques ophtalmologiques et les optom\u00e9tristes.","breadcrumb":{"@id":"https:\/\/simovision.be\/professional\/fr\/#breadcrumb"},"inLanguage":"fr-FR","potentialAction":[{"@type":"ReadAction","target":["https:\/\/simovision.be\/professional\/fr\/"]}]},{"@type":"ImageObject","inLanguage":"fr-FR","@id":"https:\/\/simovision.be\/professional\/fr\/#primaryimage","url":"https:\/\/simovision.be\/professional\/wp-content\/uploads\/sites\/2\/2025\/12\/banner_simovision_website_elon_edof_befr-1.jpg","contentUrl":"https:\/\/simovision.be\/professional\/wp-content\/uploads\/sites\/2\/2025\/12\/banner_simovision_website_elon_edof_befr-1.jpg"},{"@type":"BreadcrumbList","@id":"https:\/\/simovision.be\/professional\/fr\/#breadcrumb","itemListElement":[{"@type":"ListItem","position":1,"name":"Home","item":"https:\/\/simovision.be\/professional\/fr\/"},{"@type":"ListItem","position":2,"name":"Home"}]},{"@type":"WebSite","@id":"https:\/\/simovision.be\/professional\/fr\/#website","url":"https:\/\/simovision.be\/professional\/fr\/","name":"Simovision - Professional","description":"","publisher":{"@id":"https:\/\/simovision.be\/professional\/fr\/#organization"},"potentialAction":[{"@type":"SearchAction","target":{"@type":"EntryPoint","urlTemplate":"https:\/\/simovision.be\/professional\/fr\/?s={search_term_string}"},"query-input":{"@type":"PropertyValueSpecification","valueRequired":true,"valueName":"search_term_string"}}],"inLanguage":"fr-FR"},{"@type":"Organization","@id":"https:\/\/simovision.be\/professional\/fr\/#organization","name":"Simovision","url":"https:\/\/simovision.be\/professional\/fr\/","logo":{"@type":"ImageObject","inLanguage":"fr-FR","@id":"https:\/\/simovision.be\/professional\/fr\/#\/schema\/logo\/image\/","url":"https:\/\/simovision.be\/professional\/wp-content\/uploads\/sites\/2\/2025\/06\/Logo_Simovision_Hilco_Vision_Pantone_7700C-kopie.webp","contentUrl":"https:\/\/simovision.be\/professional\/wp-content\/uploads\/sites\/2\/2025\/06\/Logo_Simovision_Hilco_Vision_Pantone_7700C-kopie.webp","width":2000,"height":1021,"caption":"Simovision"},"image":{"@id":"https:\/\/simovision.be\/professional\/fr\/#\/schema\/logo\/image\/"},"sameAs":["https:\/\/www.linkedin.com\/company\/simovision"]}]}},"_links":{"self":[{"href":"https:\/\/simovision.be\/professional\/fr\/wp-json\/wp\/v2\/pages\/4040","targetHints":{"allow":["GET"]}}],"collection":[{"href":"https:\/\/simovision.be\/professional\/fr\/wp-json\/wp\/v2\/pages"}],"about":[{"href":"https:\/\/simovision.be\/professional\/fr\/wp-json\/wp\/v2\/types\/page"}],"author":[{"embeddable":true,"href":"https:\/\/simovision.be\/professional\/fr\/wp-json\/wp\/v2\/users\/1"}],"replies":[{"embeddable":true,"href":"https:\/\/simovision.be\/professional\/fr\/wp-json\/wp\/v2\/comments?post=4040"}],"version-history":[{"count":35,"href":"https:\/\/simovision.be\/professional\/fr\/wp-json\/wp\/v2\/pages\/4040\/revisions"}],"predecessor-version":[{"id":7070,"href":"https:\/\/simovision.be\/professional\/fr\/wp-json\/wp\/v2\/pages\/4040\/revisions\/7070"}],"wp:attachment":[{"href":"https:\/\/simovision.be\/professional\/fr\/wp-json\/wp\/v2\/media?parent=4040"}],"curies":[{"name":"wp","href":"https:\/\/api.w.org\/{rel}","templated":true}]}}