{"id":4030,"date":"2025-06-16T05:59:56","date_gmt":"2025-06-16T03:59:56","guid":{"rendered":"https:\/\/simovision.be\/professional\/notre-service-technique-expertise-fiabilite-et-tranquillite-desprit\/"},"modified":"2025-08-22T16:14:33","modified_gmt":"2025-08-22T14:14:33","slug":"service-technique","status":"publish","type":"page","link":"https:\/\/simovision.be\/professional\/fr\/service-technique\/","title":{"rendered":"Service technique"},"content":{"rendered":"\n\n\t<h3>\n\t\t\t\tService technique\n\t\t\t<\/h3>\n\t\t\t<a href=\"#contact\" target=\"_self\">\n\t\t\t\t\t\t\tContactez-nous\n\t\t\t<\/a>\n\t\t\t\t<img decoding=\"async\" src=\"https:\/\/simovision.be\/professional\/wp-content\/uploads\/sites\/2\/2025\/06\/technische_dienst_header.webp\" alt=\"technische_dienst_header\" itemprop=\"image\" height=\"700\" width=\"2000\" title=\"technische_dienst_header\" onerror=\"this.style.display='none'\" loading=\"lazy\" \/>\n\t<h3>\n\t\t\t\tNotre service technique &#8211; expertise, fiabilit\u00e9 et tranquillit\u00e9 d&rsquo;esprit\n\t\t\t<\/h3>\n\t\t\t<p>Lorsque vous choisissez Simovision, vous optez non seulement pour des <strong>\u00e9quipements innovants et \u00e0 haute technologie<\/strong>, mais aussi pour un <strong>service apr\u00e8s-vente d&rsquo;excellence<\/strong>. Notre service technique joue un r\u00f4le cl\u00e9 \u00e0 cet \u00e9gard. Il est compos\u00e9 exclusivement <strong>d&rsquo;ing\u00e9nieurs de service<\/strong> qui ne sont pas de simples techniciens, chacun d&rsquo;eux est form\u00e9 et <strong>certifi\u00e9<\/strong> directement par <strong>le fabricant<\/strong>. Cela signifie qu&rsquo;ils connaissent votre appareil dans les moindres d\u00e9tails et qu&rsquo;ils travaillent toujours selon les normes de qualit\u00e9 les plus \u00e9lev\u00e9es.\u00a0Comme notre service technique est enti\u00e8rement <strong>g\u00e9r\u00e9 en interne<\/strong>, nous pouvons intervenir rapidement et maintenir une communication directe et fluide. Qu&rsquo;il s&rsquo;agisse d&rsquo;une installation, d&rsquo;un entretien ou d&rsquo;une r\u00e9paration, vous pouvez avoir confiance: votre appareil est entre de bonnes mains. Vous \u00eates ainsi <strong>toujours pris en charge de mani\u00e8re optimale<\/strong>, ce qui vous permet de rester concentr\u00e9 sur ce qui compte vraiment &#8211; votre travail et vos patients.\u00a0Vous avez <strong>une question<\/strong> ou besoin d&rsquo;une <strong>assistance technique<\/strong>? Nous sommes l\u00e0 pour vous aider. Vous pouvez nous contacter pendant les heures de bureau par t\u00e9l\u00e9phone ou par e-mail:<\/p>\t\n\t\t\t\t<img decoding=\"async\" src=\"https:\/\/simovision.be\/professional\/wp-content\/uploads\/sites\/2\/2025\/06\/Icons-contact-02.png\" alt=\"Icons-contact-02\" itemprop=\"image\" height=\"101\" width=\"101\" title=\"Icons-contact-02\" onerror=\"this.style.display='none'\" loading=\"lazy\" \/>\n\tSimovision BV<br \/>\nVriendschapsstraat 30<br \/>\n3090 Overijse\n\t\t\t\t<img decoding=\"async\" src=\"https:\/\/simovision.be\/professional\/wp-content\/uploads\/sites\/2\/2025\/06\/Icons-contact-04.png\" alt=\"Icons-contact-04\" itemprop=\"image\" height=\"101\" width=\"101\" title=\"Icons-contact-04\" onerror=\"this.style.display='none'\" loading=\"lazy\" \/>\n\t<p>+32 (0)2 769 70 04<\/p>\n\t\t\t\t<img decoding=\"async\" src=\"https:\/\/simovision.be\/professional\/wp-content\/uploads\/sites\/2\/2025\/06\/Icons-contact-03.png\" alt=\"Icons-contact-03\" itemprop=\"image\" height=\"101\" width=\"101\" title=\"Icons-contact-03\" onerror=\"this.style.display='none'\" loading=\"lazy\" \/>\n\t<p><a href=\"mailto:technics@simovision.be\">technics@simovision.be<\/a><\/p>\n\t<ul>\n\t\t<li>\t\t\t\t\n\t\t<h4>Technologie avanc\u00e9e<\/h4><p>Du diagnostic \u00e0 la chirurgie: nous fournissons les derni\u00e8res innovations en ophtalmologie.<\/p><\/li>\t<\/ul>\n\t<ul>\n\t\t<li>\t\t\t\t\n\t\t<h4>Gamme de produits compl\u00e8te<\/h4><p>Une s\u00e9lection rigoureuse pour chaque \u00e9tape du traitement &#8211; efficace et fiable.<\/p>\n<\/li>\t<\/ul>\n\t<ul>\n\t\t<li>\t\t\t\t\n\t\t<h4> Soutien personnalis\u00e9<\/h4><p>Notre \u00e9quipe est toujours \u00e0 votre disposition pour vous offrir des conseils techniques, des formations et un service sur mesure.<\/p>\n<\/li>\t<\/ul>\n\t<ul>\n\t\t<li>\t\t\t\t\n\t\t<h4>Expertise et communication<\/h4><p>Des mises \u00e0 jour r\u00e9guli\u00e8res, des formations et une communication directe avec notre \u00e9quipe &#8211; pour une collaboration qui fonctionne.<\/p>\n<\/li>\t<\/ul>\n\t\t\t\t<img decoding=\"async\" src=\"https:\/\/simovision.be\/professional\/wp-content\/uploads\/sites\/2\/2025\/06\/banner_meer_info.jpg\" alt=\"Meer info\" itemprop=\"image\" height=\"500\" width=\"1000\" title=\"banner_meer_info\" onerror=\"this.style.display='none'\" loading=\"lazy\" \/>\n<h2>\n\t\t\tRester inform\u00e9?\t<\/h2>\n\t<p>Inscrivez-vous d\u00e8s maintenant \u00e0 la newsletter de Simovision. C&rsquo;est <strong>enti\u00e8rement gratuit<\/strong> et vous pouvez vous <strong>d\u00e9sinscrire<\/strong> \u00e0 <strong>tout moment<\/strong>.<\/p>\n\n","protected":false},"excerpt":{"rendered":"<p>Service technique Contactez-nous Notre service technique &#8211; expertise, fiabilit\u00e9 et tranquillit\u00e9 d&rsquo;esprit Lorsque vous choisissez Simovision, vous optez non seulement [&hellip;]<\/p>\n","protected":false},"author":1,"featured_media":0,"parent":0,"menu_order":0,"comment_status":"closed","ping_status":"closed","template":"","meta":{"_acf_changed":false,"content-type":"","site-sidebar-layout":"no-sidebar","site-content-layout":"page-builder","ast-site-content-layout":"full-width-container","site-content-style":"unboxed","site-sidebar-style":"unboxed","ast-global-header-display":"","ast-banner-title-visibility":"","ast-main-header-display":"","ast-hfb-above-header-display":"","ast-hfb-below-header-display":"","ast-hfb-mobile-header-display":"","site-post-title":"disabled","ast-breadcrumbs-content":"","ast-featured-img":"disabled","footer-sml-layout":"","theme-transparent-header-meta":"default","adv-header-id-meta":"","stick-header-meta":"default","header-above-stick-meta":"disabled","header-main-stick-meta":"","header-below-stick-meta":"","astra-migrate-meta-layouts":"default","ast-page-background-enabled":"default","ast-page-background-meta":{"desktop":{"background-color":"var(--ast-global-color-4)","background-image":"","background-repeat":"repeat","background-position":"center center","background-size":"auto","background-attachment":"scroll","background-type":"","background-media":"","overlay-type":"","overlay-color":"","overlay-opacity":"","overlay-gradient":""},"tablet":{"background-color":"","background-image":"","background-repeat":"repeat","background-position":"center center","background-size":"auto","background-attachment":"scroll","background-type":"","background-media":"","overlay-type":"","overlay-color":"","overlay-opacity":"","overlay-gradient":""},"mobile":{"background-color":"","background-image":"","background-repeat":"repeat","background-position":"center center","background-size":"auto","background-attachment":"scroll","background-type":"","background-media":"","overlay-type":"","overlay-color":"","overlay-opacity":"","overlay-gradient":""}},"ast-content-background-meta":{"desktop":{"background-color":"var(--ast-global-color-5)","background-image":"","background-repeat":"repeat","background-position":"center center","background-size":"auto","background-attachment":"scroll","background-type":"","background-media":"","overlay-type":"","overlay-color":"","overlay-opacity":"","overlay-gradient":""},"tablet":{"background-color":"var(--ast-global-color-5)","background-image":"","background-repeat":"repeat","background-position":"center center","background-size":"auto","background-attachment":"scroll","background-type":"","background-media":"","overlay-type":"","overlay-color":"","overlay-opacity":"","overlay-gradient":""},"mobile":{"background-color":"var(--ast-global-color-5)","background-image":"","background-repeat":"repeat","background-position":"center center","background-size":"auto","background-attachment":"scroll","background-type":"","background-media":"","overlay-type":"","overlay-color":"","overlay-opacity":"","overlay-gradient":""}},"footnotes":""},"class_list":["post-4030","page","type-page","status-publish","hentry"],"acf":[],"yoast_head":"<!-- This site is optimized with the Yoast SEO plugin v26.3 - https:\/\/yoast.com\/wordpress\/plugins\/seo\/ -->\n<title>Expertise, fiabilit\u00e9 et tranquillit\u00e9 d\u2019esprit | Simovision<\/title>\n<meta name=\"description\" content=\"Lorsque vous choisissez Simovision, vous optez non seulement pour des \u00e9quipements de qualit\u00e9, mais aussi pour un excellent service apr\u00e8s-vente.\" \/>\n<meta name=\"robots\" content=\"index, follow, max-snippet:-1, max-image-preview:large, max-video-preview:-1\" \/>\n<link rel=\"canonical\" href=\"https:\/\/simovision.be\/professional\/fr\/service-technique\/\" \/>\n<meta property=\"og:locale\" content=\"fr_FR\" \/>\n<meta property=\"og:type\" content=\"article\" \/>\n<meta property=\"og:title\" content=\"Expertise, fiabilit\u00e9 et tranquillit\u00e9 d\u2019esprit | Simovision\" \/>\n<meta property=\"og:description\" content=\"Lorsque vous choisissez Simovision, vous optez non seulement pour des \u00e9quipements de qualit\u00e9, mais aussi pour un excellent service apr\u00e8s-vente.\" \/>\n<meta property=\"og:url\" content=\"https:\/\/simovision.be\/professional\/fr\/service-technique\/\" \/>\n<meta property=\"og:site_name\" content=\"Simovision - Professional\" \/>\n<meta property=\"article:modified_time\" content=\"2025-08-22T14:14:33+00:00\" \/>\n<meta property=\"og:image\" content=\"https:\/\/simovision.be\/professional\/wp-content\/uploads\/sites\/2\/2025\/06\/technische_dienst_header.webp\" \/>\n<meta name=\"twitter:card\" content=\"summary_large_image\" \/>\n<meta name=\"twitter:label1\" content=\"Dur\u00e9e de lecture estim\u00e9e\" \/>\n\t<meta name=\"twitter:data1\" content=\"2 minutes\" \/>\n<script type=\"application\/ld+json\" class=\"yoast-schema-graph\">{\"@context\":\"https:\/\/schema.org\",\"@graph\":[{\"@type\":\"WebPage\",\"@id\":\"https:\/\/simovision.be\/professional\/fr\/service-technique\/\",\"url\":\"https:\/\/simovision.be\/professional\/fr\/service-technique\/\",\"name\":\"Expertise, fiabilit\u00e9 et tranquillit\u00e9 d\u2019esprit | Simovision\",\"isPartOf\":{\"@id\":\"https:\/\/simovision.be\/professional\/fr\/#website\"},\"primaryImageOfPage\":{\"@id\":\"https:\/\/simovision.be\/professional\/fr\/service-technique\/#primaryimage\"},\"image\":{\"@id\":\"https:\/\/simovision.be\/professional\/fr\/service-technique\/#primaryimage\"},\"thumbnailUrl\":\"https:\/\/simovision.be\/professional\/wp-content\/uploads\/sites\/2\/2025\/06\/technische_dienst_header.webp\",\"datePublished\":\"2025-06-16T03:59:56+00:00\",\"dateModified\":\"2025-08-22T14:14:33+00:00\",\"description\":\"Lorsque vous choisissez Simovision, vous optez non seulement pour des \u00e9quipements de qualit\u00e9, mais aussi pour un excellent service apr\u00e8s-vente.\",\"breadcrumb\":{\"@id\":\"https:\/\/simovision.be\/professional\/fr\/service-technique\/#breadcrumb\"},\"inLanguage\":\"fr-FR\",\"potentialAction\":[{\"@type\":\"ReadAction\",\"target\":[\"https:\/\/simovision.be\/professional\/fr\/service-technique\/\"]}]},{\"@type\":\"ImageObject\",\"inLanguage\":\"fr-FR\",\"@id\":\"https:\/\/simovision.be\/professional\/fr\/service-technique\/#primaryimage\",\"url\":\"https:\/\/simovision.be\/professional\/wp-content\/uploads\/sites\/2\/2025\/06\/technische_dienst_header.webp\",\"contentUrl\":\"https:\/\/simovision.be\/professional\/wp-content\/uploads\/sites\/2\/2025\/06\/technische_dienst_header.webp\"},{\"@type\":\"BreadcrumbList\",\"@id\":\"https:\/\/simovision.be\/professional\/fr\/service-technique\/#breadcrumb\",\"itemListElement\":[{\"@type\":\"ListItem\",\"position\":1,\"name\":\"Home\",\"item\":\"https:\/\/simovision.be\/professional\/fr\/\"},{\"@type\":\"ListItem\",\"position\":2,\"name\":\"Service technique\"}]},{\"@type\":\"WebSite\",\"@id\":\"https:\/\/simovision.be\/professional\/fr\/#website\",\"url\":\"https:\/\/simovision.be\/professional\/fr\/\",\"name\":\"Simovision - Professional\",\"description\":\"\",\"publisher\":{\"@id\":\"https:\/\/simovision.be\/professional\/fr\/#organization\"},\"potentialAction\":[{\"@type\":\"SearchAction\",\"target\":{\"@type\":\"EntryPoint\",\"urlTemplate\":\"https:\/\/simovision.be\/professional\/fr\/?s={search_term_string}\"},\"query-input\":{\"@type\":\"PropertyValueSpecification\",\"valueRequired\":true,\"valueName\":\"search_term_string\"}}],\"inLanguage\":\"fr-FR\"},{\"@type\":\"Organization\",\"@id\":\"https:\/\/simovision.be\/professional\/fr\/#organization\",\"name\":\"Simovision\",\"url\":\"https:\/\/simovision.be\/professional\/fr\/\",\"logo\":{\"@type\":\"ImageObject\",\"inLanguage\":\"fr-FR\",\"@id\":\"https:\/\/simovision.be\/professional\/fr\/#\/schema\/logo\/image\/\",\"url\":\"https:\/\/simovision.be\/professional\/wp-content\/uploads\/sites\/2\/2025\/06\/Logo_Simovision_Hilco_Vision_Pantone_7700C-kopie.webp\",\"contentUrl\":\"https:\/\/simovision.be\/professional\/wp-content\/uploads\/sites\/2\/2025\/06\/Logo_Simovision_Hilco_Vision_Pantone_7700C-kopie.webp\",\"width\":2000,\"height\":1021,\"caption\":\"Simovision\"},\"image\":{\"@id\":\"https:\/\/simovision.be\/professional\/fr\/#\/schema\/logo\/image\/\"},\"sameAs\":[\"https:\/\/www.linkedin.com\/company\/simovision\"]}]}<\/script>\n<!-- \/ Yoast SEO plugin. -->","yoast_head_json":{"title":"Expertise, fiabilit\u00e9 et tranquillit\u00e9 d\u2019esprit | Simovision","description":"Lorsque vous choisissez Simovision, vous optez non seulement pour des \u00e9quipements de qualit\u00e9, mais aussi pour un excellent service apr\u00e8s-vente.","robots":{"index":"index","follow":"follow","max-snippet":"max-snippet:-1","max-image-preview":"max-image-preview:large","max-video-preview":"max-video-preview:-1"},"canonical":"https:\/\/simovision.be\/professional\/fr\/service-technique\/","og_locale":"fr_FR","og_type":"article","og_title":"Expertise, fiabilit\u00e9 et tranquillit\u00e9 d\u2019esprit | Simovision","og_description":"Lorsque vous choisissez Simovision, vous optez non seulement pour des \u00e9quipements de qualit\u00e9, mais aussi pour un excellent service apr\u00e8s-vente.","og_url":"https:\/\/simovision.be\/professional\/fr\/service-technique\/","og_site_name":"Simovision - Professional","article_modified_time":"2025-08-22T14:14:33+00:00","og_image":[{"url":"https:\/\/simovision.be\/professional\/wp-content\/uploads\/sites\/2\/2025\/06\/technische_dienst_header.webp","type":"","width":"","height":""}],"twitter_card":"summary_large_image","twitter_misc":{"Dur\u00e9e de lecture estim\u00e9e":"2 minutes"},"schema":{"@context":"https:\/\/schema.org","@graph":[{"@type":"WebPage","@id":"https:\/\/simovision.be\/professional\/fr\/service-technique\/","url":"https:\/\/simovision.be\/professional\/fr\/service-technique\/","name":"Expertise, fiabilit\u00e9 et tranquillit\u00e9 d\u2019esprit | Simovision","isPartOf":{"@id":"https:\/\/simovision.be\/professional\/fr\/#website"},"primaryImageOfPage":{"@id":"https:\/\/simovision.be\/professional\/fr\/service-technique\/#primaryimage"},"image":{"@id":"https:\/\/simovision.be\/professional\/fr\/service-technique\/#primaryimage"},"thumbnailUrl":"https:\/\/simovision.be\/professional\/wp-content\/uploads\/sites\/2\/2025\/06\/technische_dienst_header.webp","datePublished":"2025-06-16T03:59:56+00:00","dateModified":"2025-08-22T14:14:33+00:00","description":"Lorsque vous choisissez Simovision, vous optez non seulement pour des \u00e9quipements de qualit\u00e9, mais aussi pour un excellent service apr\u00e8s-vente.","breadcrumb":{"@id":"https:\/\/simovision.be\/professional\/fr\/service-technique\/#breadcrumb"},"inLanguage":"fr-FR","potentialAction":[{"@type":"ReadAction","target":["https:\/\/simovision.be\/professional\/fr\/service-technique\/"]}]},{"@type":"ImageObject","inLanguage":"fr-FR","@id":"https:\/\/simovision.be\/professional\/fr\/service-technique\/#primaryimage","url":"https:\/\/simovision.be\/professional\/wp-content\/uploads\/sites\/2\/2025\/06\/technische_dienst_header.webp","contentUrl":"https:\/\/simovision.be\/professional\/wp-content\/uploads\/sites\/2\/2025\/06\/technische_dienst_header.webp"},{"@type":"BreadcrumbList","@id":"https:\/\/simovision.be\/professional\/fr\/service-technique\/#breadcrumb","itemListElement":[{"@type":"ListItem","position":1,"name":"Home","item":"https:\/\/simovision.be\/professional\/fr\/"},{"@type":"ListItem","position":2,"name":"Service technique"}]},{"@type":"WebSite","@id":"https:\/\/simovision.be\/professional\/fr\/#website","url":"https:\/\/simovision.be\/professional\/fr\/","name":"Simovision - Professional","description":"","publisher":{"@id":"https:\/\/simovision.be\/professional\/fr\/#organization"},"potentialAction":[{"@type":"SearchAction","target":{"@type":"EntryPoint","urlTemplate":"https:\/\/simovision.be\/professional\/fr\/?s={search_term_string}"},"query-input":{"@type":"PropertyValueSpecification","valueRequired":true,"valueName":"search_term_string"}}],"inLanguage":"fr-FR"},{"@type":"Organization","@id":"https:\/\/simovision.be\/professional\/fr\/#organization","name":"Simovision","url":"https:\/\/simovision.be\/professional\/fr\/","logo":{"@type":"ImageObject","inLanguage":"fr-FR","@id":"https:\/\/simovision.be\/professional\/fr\/#\/schema\/logo\/image\/","url":"https:\/\/simovision.be\/professional\/wp-content\/uploads\/sites\/2\/2025\/06\/Logo_Simovision_Hilco_Vision_Pantone_7700C-kopie.webp","contentUrl":"https:\/\/simovision.be\/professional\/wp-content\/uploads\/sites\/2\/2025\/06\/Logo_Simovision_Hilco_Vision_Pantone_7700C-kopie.webp","width":2000,"height":1021,"caption":"Simovision"},"image":{"@id":"https:\/\/simovision.be\/professional\/fr\/#\/schema\/logo\/image\/"},"sameAs":["https:\/\/www.linkedin.com\/company\/simovision"]}]}},"_links":{"self":[{"href":"https:\/\/simovision.be\/professional\/fr\/wp-json\/wp\/v2\/pages\/4030","targetHints":{"allow":["GET"]}}],"collection":[{"href":"https:\/\/simovision.be\/professional\/fr\/wp-json\/wp\/v2\/pages"}],"about":[{"href":"https:\/\/simovision.be\/professional\/fr\/wp-json\/wp\/v2\/types\/page"}],"author":[{"embeddable":true,"href":"https:\/\/simovision.be\/professional\/fr\/wp-json\/wp\/v2\/users\/1"}],"replies":[{"embeddable":true,"href":"https:\/\/simovision.be\/professional\/fr\/wp-json\/wp\/v2\/comments?post=4030"}],"version-history":[{"count":15,"href":"https:\/\/simovision.be\/professional\/fr\/wp-json\/wp\/v2\/pages\/4030\/revisions"}],"predecessor-version":[{"id":6230,"href":"https:\/\/simovision.be\/professional\/fr\/wp-json\/wp\/v2\/pages\/4030\/revisions\/6230"}],"wp:attachment":[{"href":"https:\/\/simovision.be\/professional\/fr\/wp-json\/wp\/v2\/media?parent=4030"}],"curies":[{"name":"wp","href":"https:\/\/api.w.org\/{rel}","templated":true}]}}