{"id":4027,"date":"2025-05-04T20:31:05","date_gmt":"2025-05-04T18:31:05","guid":{"rendered":"https:\/\/simovision.be\/professional\/contact\/"},"modified":"2025-08-22T13:20:43","modified_gmt":"2025-08-22T11:20:43","slug":"contact","status":"publish","type":"page","link":"https:\/\/simovision.be\/professional\/fr\/contact\/","title":{"rendered":"Contact"},"content":{"rendered":"\n\n\t<h3>\n\t\t\t\tContactez-nous\n\t\t\t<\/h3>\n\t\t\t\t<img decoding=\"async\" src=\"https:\/\/simovision.be\/professional\/wp-content\/uploads\/sites\/2\/2025\/06\/Gebouw_simovision.webp\" alt=\"Gebouw_simovision\" itemprop=\"image\" height=\"700\" width=\"2000\" title=\"Gebouw_simovision\" onerror=\"this.style.display='none'\" loading=\"lazy\" \/>\n\t<h3><strong>Toujours \u00e0 vos c\u00f4t\u00e9s: contactez notre \u00e9quipe<\/strong><\/h3>\n<p>Vous recherchez un <strong>conseil<\/strong> personnalis\u00e9 ou <strong>plus d&rsquo;informations<\/strong> sur notre <strong>offre<\/strong>? Notre \u00e9quipe commerciale sp\u00e9cialis\u00e9e est \u00e0 votre disposition. Remplissez le formulaire de contact sur cette page, envoyez-nous un mail ou appelez-nous directement (vous trouverez les coordonn\u00e9es de votre repr\u00e9sentant local <strong><a href=\"https:\/\/simovision.be\/professional\/fr\/a-propos-de-nous\/\">ici<\/a><\/strong>).<\/p>\n<h4>Avez-vous une question concernant une commande?<\/h4>\n<p>Notre <strong>service client<\/strong> est \u00e9galement \u00e0 votre disposition chaque jour pour vous offrir une assistance <strong>rapide<\/strong> et <strong>professionnelle<\/strong>.<\/p>\n<p>Vous avez une question concernant une <strong>commande<\/strong>? Vous souhaitez savoir si un produit est <strong>en stock<\/strong> ou quel est son d\u00e9lai de livraison? Vous \u00eates \u00e0 la bonne adresse. Envoyez-nous un mail via <strong><a href=\"mailto:order@simovision.be\" target=\"_blank\" rel=\"noopener\">order@simovision.be<\/a><\/strong>. Nous r\u00e9fl\u00e9chissons volontiers avec vous et assurons un <strong>suivi efficace<\/strong>. Gr\u00e2ce \u00e0 nos nombreuses ann\u00e9es d&rsquo;exp\u00e9rience dans le secteur de l&rsquo;ophtalmologie, nous comprenons mieux que quiconque vos besoins sp\u00e9cifiques.<\/p>\n<p>Quoi qu&rsquo;il en soit, nous assurons un suivi rapide et <strong>personnalis\u00e9<\/strong>, afin que vous puissiez rapidement vous concentrer sur ce qui compte vraiment: offrir les <strong>meilleurs soins oculaires<\/strong> \u00e0 vos patients.<\/p>\n\t\t\t\t<img decoding=\"async\" src=\"https:\/\/simovision.be\/professional\/wp-content\/uploads\/sites\/2\/2025\/06\/Icons-contact-02.png\" alt=\"Icons-contact-02\" itemprop=\"image\" height=\"101\" width=\"101\" title=\"Icons-contact-02\" onerror=\"this.style.display='none'\" loading=\"lazy\" \/>\n\tSimovision BV<br \/>\nVriendschapsstraat 30<br \/>\n3090 Overijse\n\t\t\t\t<img decoding=\"async\" src=\"https:\/\/simovision.be\/professional\/wp-content\/uploads\/sites\/2\/2025\/06\/Icons-contact-04.png\" alt=\"Icons-contact-04\" itemprop=\"image\" height=\"101\" width=\"101\" title=\"Icons-contact-04\" onerror=\"this.style.display='none'\" loading=\"lazy\" \/>\n\t<p>+32 (0)2 769 70 00<\/p>\n\t\t\t\t<img decoding=\"async\" src=\"https:\/\/simovision.be\/professional\/wp-content\/uploads\/sites\/2\/2025\/06\/Icons-contact-03.png\" alt=\"Icons-contact-03\" itemprop=\"image\" height=\"101\" width=\"101\" title=\"Icons-contact-03\" onerror=\"this.style.display='none'\" loading=\"lazy\" \/>\n\t<p><a href=\"mailto:order@simovision.be\">order@simovision.be<\/a><\/p>\n\t<iframe src=\"https:\/\/www.google.com\/maps\/embed\/v1\/place?q=Simovision+BV%0AVriendschapsstraat+30%0A3090+Overijse&#038;key=AIzaSyD09zQ9PNDNNy9TadMuzRV_UsPUoWKntt8\" aria-hidden=\"true\"><\/iframe>\n\n","protected":false},"excerpt":{"rendered":"<p>Contactez-nous Toujours \u00e0 vos c\u00f4t\u00e9s: contactez notre \u00e9quipe Vous recherchez un conseil personnalis\u00e9 ou plus d&rsquo;informations sur notre offre? Notre [&hellip;]<\/p>\n","protected":false},"author":1,"featured_media":0,"parent":0,"menu_order":0,"comment_status":"closed","ping_status":"closed","template":"","meta":{"_acf_changed":false,"content-type":"","site-sidebar-layout":"no-sidebar","site-content-layout":"page-builder","ast-site-content-layout":"full-width-container","site-content-style":"unboxed","site-sidebar-style":"unboxed","ast-global-header-display":"","ast-banner-title-visibility":"","ast-main-header-display":"","ast-hfb-above-header-display":"","ast-hfb-below-header-display":"","ast-hfb-mobile-header-display":"","site-post-title":"disabled","ast-breadcrumbs-content":"","ast-featured-img":"disabled","footer-sml-layout":"","theme-transparent-header-meta":"default","adv-header-id-meta":"","stick-header-meta":"default","header-above-stick-meta":"disabled","header-main-stick-meta":"","header-below-stick-meta":"","astra-migrate-meta-layouts":"default","ast-page-background-enabled":"default","ast-page-background-meta":{"desktop":{"background-color":"var(--ast-global-color-4)","background-image":"","background-repeat":"repeat","background-position":"center center","background-size":"auto","background-attachment":"scroll","background-type":"","background-media":"","overlay-type":"","overlay-color":"","overlay-opacity":"","overlay-gradient":""},"tablet":{"background-color":"","background-image":"","background-repeat":"repeat","background-position":"center center","background-size":"auto","background-attachment":"scroll","background-type":"","background-media":"","overlay-type":"","overlay-color":"","overlay-opacity":"","overlay-gradient":""},"mobile":{"background-color":"","background-image":"","background-repeat":"repeat","background-position":"center center","background-size":"auto","background-attachment":"scroll","background-type":"","background-media":"","overlay-type":"","overlay-color":"","overlay-opacity":"","overlay-gradient":""}},"ast-content-background-meta":{"desktop":{"background-color":"var(--ast-global-color-5)","background-image":"","background-repeat":"repeat","background-position":"center center","background-size":"auto","background-attachment":"scroll","background-type":"","background-media":"","overlay-type":"","overlay-color":"","overlay-opacity":"","overlay-gradient":""},"tablet":{"background-color":"var(--ast-global-color-5)","background-image":"","background-repeat":"repeat","background-position":"center center","background-size":"auto","background-attachment":"scroll","background-type":"","background-media":"","overlay-type":"","overlay-color":"","overlay-opacity":"","overlay-gradient":""},"mobile":{"background-color":"var(--ast-global-color-5)","background-image":"","background-repeat":"repeat","background-position":"center center","background-size":"auto","background-attachment":"scroll","background-type":"","background-media":"","overlay-type":"","overlay-color":"","overlay-opacity":"","overlay-gradient":""}},"footnotes":""},"class_list":["post-4027","page","type-page","status-publish","hentry"],"acf":[],"yoast_head":"<!-- This site is optimized with the Yoast SEO plugin v26.3 - https:\/\/yoast.com\/wordpress\/plugins\/seo\/ -->\n<title>Simovision: Votre partenaire en soins oculaires | Simovision BV<\/title>\n<meta name=\"description\" content=\"Depuis 2002, nous sommes le sp\u00e9cialiste des solutions ophtalmologiques, d\u00e9di\u00e9 aux professionnels tels que les cliniques ophtalmologiques et les optom\u00e9tristes.\" \/>\n<meta name=\"robots\" content=\"index, follow, max-snippet:-1, max-image-preview:large, max-video-preview:-1\" \/>\n<link rel=\"canonical\" href=\"https:\/\/simovision.be\/professional\/fr\/contact\/\" \/>\n<meta property=\"og:locale\" content=\"fr_FR\" \/>\n<meta property=\"og:type\" content=\"article\" \/>\n<meta property=\"og:title\" content=\"Simovision: Votre partenaire en soins oculaires | Simovision BV\" \/>\n<meta property=\"og:description\" content=\"Depuis 2002, nous sommes le sp\u00e9cialiste des solutions ophtalmologiques, d\u00e9di\u00e9 aux professionnels tels que les cliniques ophtalmologiques et les optom\u00e9tristes.\" \/>\n<meta property=\"og:url\" content=\"https:\/\/simovision.be\/professional\/fr\/contact\/\" \/>\n<meta property=\"og:site_name\" content=\"Simovision - Professional\" \/>\n<meta property=\"article:modified_time\" content=\"2025-08-22T11:20:43+00:00\" \/>\n<meta property=\"og:image\" content=\"https:\/\/simovision.be\/professional\/wp-content\/uploads\/sites\/2\/2025\/06\/Gebouw_simovision.webp\" \/>\n<meta name=\"twitter:card\" content=\"summary_large_image\" \/>\n<meta name=\"twitter:label1\" content=\"Dur\u00e9e de lecture estim\u00e9e\" \/>\n\t<meta name=\"twitter:data1\" content=\"2 minutes\" \/>\n<script type=\"application\/ld+json\" class=\"yoast-schema-graph\">{\"@context\":\"https:\/\/schema.org\",\"@graph\":[{\"@type\":\"WebPage\",\"@id\":\"https:\/\/simovision.be\/professional\/fr\/contact\/\",\"url\":\"https:\/\/simovision.be\/professional\/fr\/contact\/\",\"name\":\"Simovision: Votre partenaire en soins oculaires | Simovision BV\",\"isPartOf\":{\"@id\":\"https:\/\/simovision.be\/professional\/fr\/#website\"},\"primaryImageOfPage\":{\"@id\":\"https:\/\/simovision.be\/professional\/fr\/contact\/#primaryimage\"},\"image\":{\"@id\":\"https:\/\/simovision.be\/professional\/fr\/contact\/#primaryimage\"},\"thumbnailUrl\":\"https:\/\/simovision.be\/professional\/wp-content\/uploads\/sites\/2\/2025\/06\/Gebouw_simovision.webp\",\"datePublished\":\"2025-05-04T18:31:05+00:00\",\"dateModified\":\"2025-08-22T11:20:43+00:00\",\"description\":\"Depuis 2002, nous sommes le sp\u00e9cialiste des solutions ophtalmologiques, d\u00e9di\u00e9 aux professionnels tels que les cliniques ophtalmologiques et les optom\u00e9tristes.\",\"breadcrumb\":{\"@id\":\"https:\/\/simovision.be\/professional\/fr\/contact\/#breadcrumb\"},\"inLanguage\":\"fr-FR\",\"potentialAction\":[{\"@type\":\"ReadAction\",\"target\":[\"https:\/\/simovision.be\/professional\/fr\/contact\/\"]}]},{\"@type\":\"ImageObject\",\"inLanguage\":\"fr-FR\",\"@id\":\"https:\/\/simovision.be\/professional\/fr\/contact\/#primaryimage\",\"url\":\"https:\/\/simovision.be\/professional\/wp-content\/uploads\/sites\/2\/2025\/06\/Gebouw_simovision.webp\",\"contentUrl\":\"https:\/\/simovision.be\/professional\/wp-content\/uploads\/sites\/2\/2025\/06\/Gebouw_simovision.webp\"},{\"@type\":\"BreadcrumbList\",\"@id\":\"https:\/\/simovision.be\/professional\/fr\/contact\/#breadcrumb\",\"itemListElement\":[{\"@type\":\"ListItem\",\"position\":1,\"name\":\"Home\",\"item\":\"https:\/\/simovision.be\/professional\/fr\/\"},{\"@type\":\"ListItem\",\"position\":2,\"name\":\"Contact\"}]},{\"@type\":\"WebSite\",\"@id\":\"https:\/\/simovision.be\/professional\/fr\/#website\",\"url\":\"https:\/\/simovision.be\/professional\/fr\/\",\"name\":\"Simovision - Professional\",\"description\":\"\",\"publisher\":{\"@id\":\"https:\/\/simovision.be\/professional\/fr\/#organization\"},\"potentialAction\":[{\"@type\":\"SearchAction\",\"target\":{\"@type\":\"EntryPoint\",\"urlTemplate\":\"https:\/\/simovision.be\/professional\/fr\/?s={search_term_string}\"},\"query-input\":{\"@type\":\"PropertyValueSpecification\",\"valueRequired\":true,\"valueName\":\"search_term_string\"}}],\"inLanguage\":\"fr-FR\"},{\"@type\":\"Organization\",\"@id\":\"https:\/\/simovision.be\/professional\/fr\/#organization\",\"name\":\"Simovision\",\"url\":\"https:\/\/simovision.be\/professional\/fr\/\",\"logo\":{\"@type\":\"ImageObject\",\"inLanguage\":\"fr-FR\",\"@id\":\"https:\/\/simovision.be\/professional\/fr\/#\/schema\/logo\/image\/\",\"url\":\"https:\/\/simovision.be\/professional\/wp-content\/uploads\/sites\/2\/2025\/06\/Logo_Simovision_Hilco_Vision_Pantone_7700C-kopie.webp\",\"contentUrl\":\"https:\/\/simovision.be\/professional\/wp-content\/uploads\/sites\/2\/2025\/06\/Logo_Simovision_Hilco_Vision_Pantone_7700C-kopie.webp\",\"width\":2000,\"height\":1021,\"caption\":\"Simovision\"},\"image\":{\"@id\":\"https:\/\/simovision.be\/professional\/fr\/#\/schema\/logo\/image\/\"},\"sameAs\":[\"https:\/\/www.linkedin.com\/company\/simovision\"]}]}<\/script>\n<!-- \/ Yoast SEO plugin. -->","yoast_head_json":{"title":"Simovision: Votre partenaire en soins oculaires | Simovision BV","description":"Depuis 2002, nous sommes le sp\u00e9cialiste des solutions ophtalmologiques, d\u00e9di\u00e9 aux professionnels tels que les cliniques ophtalmologiques et les optom\u00e9tristes.","robots":{"index":"index","follow":"follow","max-snippet":"max-snippet:-1","max-image-preview":"max-image-preview:large","max-video-preview":"max-video-preview:-1"},"canonical":"https:\/\/simovision.be\/professional\/fr\/contact\/","og_locale":"fr_FR","og_type":"article","og_title":"Simovision: Votre partenaire en soins oculaires | Simovision BV","og_description":"Depuis 2002, nous sommes le sp\u00e9cialiste des solutions ophtalmologiques, d\u00e9di\u00e9 aux professionnels tels que les cliniques ophtalmologiques et les optom\u00e9tristes.","og_url":"https:\/\/simovision.be\/professional\/fr\/contact\/","og_site_name":"Simovision - Professional","article_modified_time":"2025-08-22T11:20:43+00:00","og_image":[{"url":"https:\/\/simovision.be\/professional\/wp-content\/uploads\/sites\/2\/2025\/06\/Gebouw_simovision.webp","type":"","width":"","height":""}],"twitter_card":"summary_large_image","twitter_misc":{"Dur\u00e9e de lecture estim\u00e9e":"2 minutes"},"schema":{"@context":"https:\/\/schema.org","@graph":[{"@type":"WebPage","@id":"https:\/\/simovision.be\/professional\/fr\/contact\/","url":"https:\/\/simovision.be\/professional\/fr\/contact\/","name":"Simovision: Votre partenaire en soins oculaires | Simovision BV","isPartOf":{"@id":"https:\/\/simovision.be\/professional\/fr\/#website"},"primaryImageOfPage":{"@id":"https:\/\/simovision.be\/professional\/fr\/contact\/#primaryimage"},"image":{"@id":"https:\/\/simovision.be\/professional\/fr\/contact\/#primaryimage"},"thumbnailUrl":"https:\/\/simovision.be\/professional\/wp-content\/uploads\/sites\/2\/2025\/06\/Gebouw_simovision.webp","datePublished":"2025-05-04T18:31:05+00:00","dateModified":"2025-08-22T11:20:43+00:00","description":"Depuis 2002, nous sommes le sp\u00e9cialiste des solutions ophtalmologiques, d\u00e9di\u00e9 aux professionnels tels que les cliniques ophtalmologiques et les optom\u00e9tristes.","breadcrumb":{"@id":"https:\/\/simovision.be\/professional\/fr\/contact\/#breadcrumb"},"inLanguage":"fr-FR","potentialAction":[{"@type":"ReadAction","target":["https:\/\/simovision.be\/professional\/fr\/contact\/"]}]},{"@type":"ImageObject","inLanguage":"fr-FR","@id":"https:\/\/simovision.be\/professional\/fr\/contact\/#primaryimage","url":"https:\/\/simovision.be\/professional\/wp-content\/uploads\/sites\/2\/2025\/06\/Gebouw_simovision.webp","contentUrl":"https:\/\/simovision.be\/professional\/wp-content\/uploads\/sites\/2\/2025\/06\/Gebouw_simovision.webp"},{"@type":"BreadcrumbList","@id":"https:\/\/simovision.be\/professional\/fr\/contact\/#breadcrumb","itemListElement":[{"@type":"ListItem","position":1,"name":"Home","item":"https:\/\/simovision.be\/professional\/fr\/"},{"@type":"ListItem","position":2,"name":"Contact"}]},{"@type":"WebSite","@id":"https:\/\/simovision.be\/professional\/fr\/#website","url":"https:\/\/simovision.be\/professional\/fr\/","name":"Simovision - Professional","description":"","publisher":{"@id":"https:\/\/simovision.be\/professional\/fr\/#organization"},"potentialAction":[{"@type":"SearchAction","target":{"@type":"EntryPoint","urlTemplate":"https:\/\/simovision.be\/professional\/fr\/?s={search_term_string}"},"query-input":{"@type":"PropertyValueSpecification","valueRequired":true,"valueName":"search_term_string"}}],"inLanguage":"fr-FR"},{"@type":"Organization","@id":"https:\/\/simovision.be\/professional\/fr\/#organization","name":"Simovision","url":"https:\/\/simovision.be\/professional\/fr\/","logo":{"@type":"ImageObject","inLanguage":"fr-FR","@id":"https:\/\/simovision.be\/professional\/fr\/#\/schema\/logo\/image\/","url":"https:\/\/simovision.be\/professional\/wp-content\/uploads\/sites\/2\/2025\/06\/Logo_Simovision_Hilco_Vision_Pantone_7700C-kopie.webp","contentUrl":"https:\/\/simovision.be\/professional\/wp-content\/uploads\/sites\/2\/2025\/06\/Logo_Simovision_Hilco_Vision_Pantone_7700C-kopie.webp","width":2000,"height":1021,"caption":"Simovision"},"image":{"@id":"https:\/\/simovision.be\/professional\/fr\/#\/schema\/logo\/image\/"},"sameAs":["https:\/\/www.linkedin.com\/company\/simovision"]}]}},"_links":{"self":[{"href":"https:\/\/simovision.be\/professional\/fr\/wp-json\/wp\/v2\/pages\/4027","targetHints":{"allow":["GET"]}}],"collection":[{"href":"https:\/\/simovision.be\/professional\/fr\/wp-json\/wp\/v2\/pages"}],"about":[{"href":"https:\/\/simovision.be\/professional\/fr\/wp-json\/wp\/v2\/types\/page"}],"author":[{"embeddable":true,"href":"https:\/\/simovision.be\/professional\/fr\/wp-json\/wp\/v2\/users\/1"}],"replies":[{"embeddable":true,"href":"https:\/\/simovision.be\/professional\/fr\/wp-json\/wp\/v2\/comments?post=4027"}],"version-history":[{"count":11,"href":"https:\/\/simovision.be\/professional\/fr\/wp-json\/wp\/v2\/pages\/4027\/revisions"}],"predecessor-version":[{"id":6195,"href":"https:\/\/simovision.be\/professional\/fr\/wp-json\/wp\/v2\/pages\/4027\/revisions\/6195"}],"wp:attachment":[{"href":"https:\/\/simovision.be\/professional\/fr\/wp-json\/wp\/v2\/media?parent=4027"}],"curies":[{"name":"wp","href":"https:\/\/api.w.org\/{rel}","templated":true}]}}